{"id":12,"date":"2012-09-01T15:04:11","date_gmt":"2012-09-01T12:04:11","guid":{"rendered":"https:\/\/ssty.fi\/turvallisuusjaos\/?page_id=12"},"modified":"2024-09-09T14:09:45","modified_gmt":"2024-09-09T11:09:45","slug":"turvallisuusjaos","status":"publish","type":"page","link":"https:\/\/ssty.fi\/turvallisuusjaos\/","title":{"rendered":"Turvallisuus- ja valmiusjaos"},"content":{"rendered":"<p><div class=\"fusion-fullwidth fullwidth-box fusion-builder-row-1 nonhundred-percent-fullwidth non-hundred-percent-height-scrolling\" style=\"--awb-border-radius-top-left:0px;--awb-border-radius-top-right:0px;--awb-border-radius-bottom-right:0px;--awb-border-radius-bottom-left:0px;--awb-flex-wrap:wrap;\" ><div class=\"fusion-builder-row fusion-row\"><div class=\"fusion-layout-column fusion_builder_column fusion-builder-column-0 fusion_builder_column_1_1 1_1 fusion-one-full fusion-column-first fusion-column-last\" style=\"--awb-bg-size:cover;--awb-margin-bottom:0px;\"><div class=\"fusion-column-wrapper fusion-flex-column-wrapper-legacy\"><div class=\"fusion-text fusion-text-1\"><h3 style=\"text-align: center;\">SSTY:n turvallisuus- ja valmiusjaoston toiminta<\/h3>\n<\/div><div class=\"fusion-text fusion-text-2\"><p data-pm-slice=\"1 1 &#091;&#093;\">Turvallisuus- ja valmiusjaoksen toiminnan tavoitteena on lis\u00e4t\u00e4 ja yll\u00e4pit\u00e4\u00e4 sosiaali- ja terveydenhuollon turvallisuutta ja jatkuvuudenhallintaa. Tavoitteena on saada sosiaali-ja terveydenhuollon sek\u00e4 hyvinvointialueiden johdon tueksi riitt\u00e4v\u00e4 m\u00e4\u00e4r\u00e4 turvallisuuden ja jatkuvuudenhallinnan osaamista sek\u00e4 edist\u00e4\u00e4 hyvien k\u00e4yt\u00e4nt\u00f6jen ja toimintojen yhdenmukaistamista hyvinvointialueilla ja valtakunnallisesti. Jaoksessa jaetaan olemassa olevaa tietoa, laaditaan uutta ohjeistusta ja j\u00e4rjestet\u00e4\u00e4n opintomatkoja, seminaareja ja koulutusta turvallisuuden eri osa-alueiden tarpeisiin.<\/p>\n<p>Jaokseen kuuluu p\u00e4\u00e4toimisia sosiaali- ja terveydenhuollon turvallisuuden ammattilaisia, joita ovat esim. turvallisuusp\u00e4\u00e4llik\u00f6t ja -suunnittelijat. T\u00e4m\u00e4n lis\u00e4ksi j\u00e4seniss\u00e4 on turvallisuusty\u00f6t\u00e4 muun toimen ohessa tekevi\u00e4 asiantuntijoita. Jaos pyrkii toiminnallaan vaikuttamaan lains\u00e4\u00e4d\u00e4nt\u00f6\u00f6n ja toimintamalleihin eri kanavien avulla.<\/p>\n<\/div><div class=\"fusion-sep-clear\"><\/div><div class=\"fusion-separator fusion-full-width-sep\" style=\"margin-left: auto;margin-right: auto;width:100%;\"><div class=\"fusion-separator-border sep-single sep-solid\" style=\"--awb-height:20px;--awb-amount:20px;border-color:#e0dede;border-top-width:1px;\"><\/div><\/div><div class=\"fusion-sep-clear\"><\/div><div class=\"fusion-clearfix\"><\/div><\/div><\/div><\/div><\/div><div class=\"fusion-fullwidth fullwidth-box fusion-builder-row-2 fusion-flex-container nonhundred-percent-fullwidth non-hundred-percent-height-scrolling\" style=\"--awb-border-radius-top-left:0px;--awb-border-radius-top-right:0px;--awb-border-radius-bottom-right:0px;--awb-border-radius-bottom-left:0px;--awb-flex-wrap:wrap;\" ><div class=\"fusion-builder-row fusion-row fusion-flex-align-items-flex-start fusion-flex-content-wrap\" style=\"max-width:1216.8px;margin-left: calc(-4% \/ 2 );margin-right: calc(-4% \/ 2 );\"><div class=\"fusion-layout-column fusion_builder_column fusion-builder-column-1 fusion_builder_column_1_1 1_1 fusion-flex-column\" style=\"--awb-bg-size:cover;--awb-width-large:100%;--awb-margin-top-large:0px;--awb-spacing-right-large:1.92%;--awb-margin-bottom-large:20px;--awb-spacing-left-large:1.92%;--awb-width-medium:100%;--awb-order-medium:0;--awb-spacing-right-medium:1.92%;--awb-spacing-left-medium:1.92%;--awb-width-small:100%;--awb-order-small:0;--awb-spacing-right-small:1.92%;--awb-spacing-left-small:1.92%;\"><div class=\"fusion-column-wrapper fusion-column-has-shadow fusion-flex-justify-content-flex-start fusion-content-layout-column\"><div class=\"fusion-text fusion-text-3\"><h3 style=\"text-align: center;\">Jaoksen vet\u00e4j\u00e4 ja yhteystiedot:<\/h3>\n<\/div><div class=\"fusion-person person fusion-person-center fusion-person-1 fusion-person-icon-bottom\" style=\"--awb-pic-style-color:#2d2d2d;--awb-pic-borderradius:0px;--awb-margin-top:0px;--awb-margin-right:0px;--awb-margin-bottom:0px;--awb-margin-left:0px;--awb-social-box-border-top:0px;--awb-social-box-border-right:0px;--awb-social-box-border-bottom:0px;--awb-social-box-border-left:0px;--awb-social-box-border-color:var(--awb-color3);--awb-social-box-border-color-hover:var(--awb-color4);--awb-social-box-colors-hover:rgba(232,232,232,0.8);--awb-social-icon-boxed-colors:#e8e8e8;--awb-social-icon-colors:#bebdbd;--awb-social-icon-colors-hover:rgba(190,189,189,0.8);\"><div class=\"person-shortcode-image-wrapper\"><div class=\"person-image-container hover-type-none\" style=\"border:0px solid #eeeeee;-webkit-border-radius:0px;-moz-border-radius:0px;border-radius:0px;\"><img decoding=\"async\" class=\"person-img img-responsive wp-image-108\" width=\"150\" height=\"150\" src=\"https:\/\/ssty.fi\/turvallisuusjaos\/files\/2020\/08\/avatar_male-150x150.png\" alt=\"Jarkko J\u00e4ntti\" srcset=\"https:\/\/ssty.fi\/turvallisuusjaos\/files\/2020\/08\/avatar_male-200x199.png 200w, https:\/\/ssty.fi\/turvallisuusjaos\/files\/2020\/08\/avatar_male-400x398.png 400w, https:\/\/ssty.fi\/turvallisuusjaos\/files\/2020\/08\/avatar_male-600x597.png 600w, https:\/\/ssty.fi\/turvallisuusjaos\/files\/2020\/08\/avatar_male-800x796.png 800w, https:\/\/ssty.fi\/turvallisuusjaos\/files\/2020\/08\/avatar_male-1200x1193.png 1200w\" sizes=\"(max-width: 1024px) 100vw, (max-width: 640px) 100vw, 1200px\" \/><\/div><\/div><div class=\"person-desc\" style=\"background-color:#ffffff;padding:40px;margin-top:0;\"><div class=\"person-author\"><div class=\"person-author-wrapper\"><span class=\"person-name\">Jarkko J\u00e4ntti<\/span><span class=\"person-title\"><\/span><\/div><\/div><div class=\"person-content fusion-clearfix\">jarkko.jantti@pirha.fi<\/div><div class=\"fusion-social-networks\"><div class=\"fusion-social-networks-wrapper\"><a class=\"fusion-social-network-icon fusion-tooltip fusion-mail awb-icon-mail custom\" aria-label=\"fusion-mail\" href=\"mailto:j&#097;r&#107;&#107;&#111;.ja&#110;&#116;ti&#064;&#112;&#105;&#114;h&#097;&#046;&#102;&#105;\" target=\"_self\" style=\"color:#bebdbd;font-size:16px;\" data-placement=\"top\" data-title=\"Mail\" title=\"Mail\" data-toggle=\"tooltip\"><\/a><\/div><\/div><\/div><\/div><\/div><\/div><div class=\"fusion-layout-column fusion_builder_column fusion-builder-column-2 fusion_builder_column_1_1 1_1 fusion-flex-column\" style=\"--awb-bg-size:cover;--awb-width-large:100%;--awb-margin-top-large:0px;--awb-spacing-right-large:1.92%;--awb-margin-bottom-large:20px;--awb-spacing-left-large:1.92%;--awb-width-medium:100%;--awb-order-medium:0;--awb-spacing-right-medium:1.92%;--awb-spacing-left-medium:1.92%;--awb-width-small:100%;--awb-order-small:0;--awb-spacing-right-small:1.92%;--awb-spacing-left-small:1.92%;\"><div class=\"fusion-column-wrapper fusion-column-has-shadow fusion-flex-justify-content-flex-start fusion-content-layout-column\"><div class=\"fusion-separator fusion-full-width-sep\" style=\"align-self: center;margin-left: auto;margin-right: auto;width:100%;\"><div class=\"fusion-separator-border sep-single sep-solid\" style=\"--awb-height:20px;--awb-amount:20px;border-color:#e0dede;border-top-width:1px;\"><\/div><\/div><\/div><\/div><\/div><\/div><div class=\"fusion-fullwidth fullwidth-box fusion-builder-row-3 fusion-flex-container nonhundred-percent-fullwidth non-hundred-percent-height-scrolling\" style=\"--awb-border-radius-top-left:0px;--awb-border-radius-top-right:0px;--awb-border-radius-bottom-right:0px;--awb-border-radius-bottom-left:0px;--awb-flex-wrap:wrap;\" ><div class=\"fusion-builder-row fusion-row fusion-flex-align-items-flex-start fusion-flex-content-wrap\" style=\"max-width:1216.8px;margin-left: calc(-4% \/ 2 );margin-right: calc(-4% \/ 2 );\"><div class=\"fusion-layout-column fusion_builder_column fusion-builder-column-3 fusion_builder_column_1_1 1_1 fusion-flex-column\" style=\"--awb-bg-size:cover;--awb-width-large:100%;--awb-margin-top-large:0px;--awb-spacing-right-large:1.92%;--awb-margin-bottom-large:20px;--awb-spacing-left-large:1.92%;--awb-width-medium:100%;--awb-order-medium:0;--awb-spacing-right-medium:1.92%;--awb-spacing-left-medium:1.92%;--awb-width-small:100%;--awb-order-small:0;--awb-spacing-right-small:1.92%;--awb-spacing-left-small:1.92%;\"><div class=\"fusion-column-wrapper fusion-column-has-shadow fusion-flex-justify-content-flex-start fusion-content-layout-column\"><div class=\"fusion-title title fusion-title-1 fusion-sep-none fusion-title-center fusion-title-text fusion-title-size-three\" style=\"--awb-margin-top-small:0px;--awb-margin-right-small:0px;--awb-margin-bottom-small:20px;--awb-margin-left-small:0px;--awb-font-size:30px;\"><h3 class=\"fusion-title-heading title-heading-center fusion-responsive-typography-calculated\" style=\"margin:0;font-size:1em;--fontSize:30;line-height:1.3;\">Jaoksessa juuri nyt<\/h3><\/div><div class=\"fusion-blog-shortcode fusion-blog-shortcode-1 fusion-blog-archive fusion-blog-layout-grid-wrapper fusion-blog-pagination\"><style type=\"text\/css\">.fusion-blog-shortcode-1 .fusion-blog-layout-grid .fusion-post-grid{padding:20px;}.fusion-blog-shortcode-1 .fusion-posts-container{margin-left: -20px !important; margin-right:-20px !important;}<\/style><div class=\"fusion-posts-container fusion-posts-container-pagination fusion-blog-rollover fusion-blog-layout-grid fusion-blog-layout-grid-3 isotope fusion-blog-equal-heights\" data-pages=\"1\" data-grid-col-space=\"40\" style=\"margin: -20px -20px 0;min-height:500px;\"><article id=\"blog-1-post-252\" class=\"fusion-post-grid post-252 post type-post status-publish format-standard hentry category-etusivun-nosto\">\n<div class=\"fusion-post-wrapper\" style=\"background-color:rgba(255,255,255,0);border:1px solid #efefef;border-bottom-width:3px;\">\n\n<div class=\"fusion-post-content-wrapper\" style=\"padding:30px 25px 20px 25px;\"><div class=\"fusion-post-content post-content\"><h2 class=\"blog-shortcode-post-title entry-title\"><a href=\"https:\/\/ssty.fi\/turvallisuusjaos\/2026\/04\/23\/alykas-sairaala-kulunhallinta-tekoaly-ja-integraatiot-kaytannossa-26-5-2026\/\">\u00c4lyk\u00e4s sairaala &#8211; Kulunhallinta, teko\u00e4ly ja integraatiot k\u00e4yt\u00e4nn\u00f6ss\u00e4 26.5.2026<\/a><\/h2><p class=\"fusion-single-line-meta\"><span class=\"vcard\" style=\"display: none;\"><span class=\"fn\"><a href=\"https:\/\/ssty.fi\/turvallisuusjaos\/author\/laura\/\" title=\"Kirjoittanut: laura\" rel=\"author\">laura<\/a><\/span><\/span><span class=\"updated\" style=\"display:none;\">2026-04-28T10:34:52+03:00<\/span><span>23.4.2026<\/span><span class=\"fusion-inline-sep\">|<\/span><\/p><div class=\"fusion-content-sep sep-\"><\/div><div class=\"fusion-post-content-container\"><p> \u00c4lyk\u00e4s sairaala - Kulunhallinta, teko\u00e4ly ja integraatiot k\u00e4yt\u00e4nn\u00f6ss\u00e4 - [...]<\/p><\/div><\/div><\/div><div class=\"fusion-clearfix\"><\/div><\/div>\n<\/article>\n<article id=\"blog-1-post-236\" class=\"fusion-post-grid post-236 post type-post status-publish format-standard hentry category-etusivun-nosto\">\n<div class=\"fusion-post-wrapper\" style=\"background-color:rgba(255,255,255,0);border:1px solid #efefef;border-bottom-width:3px;\">\n\n<div class=\"fusion-post-content-wrapper\" style=\"padding:30px 25px 20px 25px;\"><div class=\"fusion-post-content post-content\"><h2 class=\"blog-shortcode-post-title entry-title\"><a href=\"https:\/\/ssty.fi\/turvallisuusjaos\/2025\/06\/02\/tulevia-tapahtumia-turvallisuus-ja-valmiusjaoksessa\/\">Tulevia tapahtumia turvallisuus- ja valmiusjaoksessa<\/a><\/h2><p class=\"fusion-single-line-meta\"><span class=\"vcard\" style=\"display: none;\"><span class=\"fn\"><a href=\"https:\/\/ssty.fi\/turvallisuusjaos\/author\/laura\/\" title=\"Kirjoittanut: laura\" rel=\"author\">laura<\/a><\/span><\/span><span class=\"updated\" style=\"display:none;\">2025-06-02T08:51:39+03:00<\/span><span>2.6.2025<\/span><span class=\"fusion-inline-sep\">|<\/span><\/p><div class=\"fusion-content-sep sep-\"><\/div><div class=\"fusion-post-content-container\"><p> Ennakkotietona tulevia tapahtumia turvallisuus- ja valmiusjaoksessa. V\u00e4est\u00f6nsuojelufoorumi 25.9.2025 klo [...]<\/p><\/div><\/div><\/div><div class=\"fusion-clearfix\"><\/div><\/div>\n<\/article>\n<div class=\"fusion-clearfix\"><\/div><\/div><\/div><\/div><\/div><\/div><\/div><\/p>\n","protected":false},"excerpt":{"rendered":"","protected":false},"author":2,"featured_media":0,"parent":0,"menu_order":0,"comment_status":"closed","ping_status":"closed","template":"","meta":{"footnotes":""},"class_list":["post-12","page","type-page","status-publish","hentry"],"_links":{"self":[{"href":"https:\/\/ssty.fi\/turvallisuusjaos\/wp-json\/wp\/v2\/pages\/12","targetHints":{"allow":["GET"]}}],"collection":[{"href":"https:\/\/ssty.fi\/turvallisuusjaos\/wp-json\/wp\/v2\/pages"}],"about":[{"href":"https:\/\/ssty.fi\/turvallisuusjaos\/wp-json\/wp\/v2\/types\/page"}],"author":[{"embeddable":true,"href":"https:\/\/ssty.fi\/turvallisuusjaos\/wp-json\/wp\/v2\/users\/2"}],"replies":[{"embeddable":true,"href":"https:\/\/ssty.fi\/turvallisuusjaos\/wp-json\/wp\/v2\/comments?post=12"}],"version-history":[{"count":23,"href":"https:\/\/ssty.fi\/turvallisuusjaos\/wp-json\/wp\/v2\/pages\/12\/revisions"}],"predecessor-version":[{"id":207,"href":"https:\/\/ssty.fi\/turvallisuusjaos\/wp-json\/wp\/v2\/pages\/12\/revisions\/207"}],"wp:attachment":[{"href":"https:\/\/ssty.fi\/turvallisuusjaos\/wp-json\/wp\/v2\/media?parent=12"}],"curies":[{"name":"wp","href":"https:\/\/api.w.org\/{rel}","templated":true}]}}