{"id":12,"date":"2012-09-01T14:56:30","date_gmt":"2012-09-01T11:56:30","guid":{"rendered":"https:\/\/ssty.fi\/toiminnallinen-suunnittelujaos\/?page_id=12"},"modified":"2026-04-23T12:18:30","modified_gmt":"2026-04-23T09:18:30","slug":"toiminnallinen-suunnittelujaos","status":"publish","type":"page","link":"https:\/\/ssty.fi\/toiminnallinen-suunnittelujaos\/","title":{"rendered":"Toiminnallinen suunnittelujaos"},"content":{"rendered":"<p><div class=\"fusion-fullwidth fullwidth-box fusion-builder-row-1 nonhundred-percent-fullwidth non-hundred-percent-height-scrolling\" style=\"--awb-border-radius-top-left:0px;--awb-border-radius-top-right:0px;--awb-border-radius-bottom-right:0px;--awb-border-radius-bottom-left:0px;--awb-flex-wrap:wrap;\" ><div class=\"fusion-builder-row fusion-row\"><div class=\"fusion-layout-column fusion_builder_column fusion-builder-column-0 fusion_builder_column_1_1 1_1 fusion-one-full fusion-column-first fusion-column-last\" style=\"--awb-bg-size:cover;--awb-margin-bottom:0px;\"><div class=\"fusion-column-wrapper fusion-flex-column-wrapper-legacy\"><div class=\"fusion-text fusion-text-1\"><h3 style=\"text-align: left;\">SUUNNITTELUKOORDINAATTORIT \u2013 LINKKI LOPPUK\u00c4YTT\u00c4JIEN JA SUUNNITTELIJOIDEN V\u00c4LILL\u00c4<\/h3>\n<\/div><div class=\"fusion-clearfix\"><\/div><\/div><\/div><div class=\"fusion-layout-column fusion_builder_column fusion-builder-column-1 fusion_builder_column_1_1 1_1 fusion-one-full fusion-column-first fusion-column-last\" style=\"--awb-bg-size:cover;\"><div class=\"fusion-column-wrapper fusion-column-has-shadow fusion-flex-column-wrapper-legacy\"><div class=\"fusion-text fusion-text-2\"><p><img decoding=\"async\" class=\"wp-image-251 alignright\" src=\"https:\/\/ssty.fi\/toiminnallinen-suunnittelujaos\/files\/2020\/08\/92703263_l-1200x800.jpg\" alt=\"\" width=\"542\" height=\"361\" srcset=\"https:\/\/ssty.fi\/toiminnallinen-suunnittelujaos\/files\/2020\/08\/92703263_l-200x133.jpg 200w, https:\/\/ssty.fi\/toiminnallinen-suunnittelujaos\/files\/2020\/08\/92703263_l-300x200.jpg 300w, https:\/\/ssty.fi\/toiminnallinen-suunnittelujaos\/files\/2020\/08\/92703263_l-400x267.jpg 400w, https:\/\/ssty.fi\/toiminnallinen-suunnittelujaos\/files\/2020\/08\/92703263_l-600x400.jpg 600w, https:\/\/ssty.fi\/toiminnallinen-suunnittelujaos\/files\/2020\/08\/92703263_l-768x512.jpg 768w, https:\/\/ssty.fi\/toiminnallinen-suunnittelujaos\/files\/2020\/08\/92703263_l-800x533.jpg 800w, https:\/\/ssty.fi\/toiminnallinen-suunnittelujaos\/files\/2020\/08\/92703263_l-1024x683.jpg 1024w, https:\/\/ssty.fi\/toiminnallinen-suunnittelujaos\/files\/2020\/08\/92703263_l-1200x800.jpg 1200w, https:\/\/ssty.fi\/toiminnallinen-suunnittelujaos\/files\/2020\/08\/92703263_l-1536x1024.jpg 1536w\" sizes=\"(max-width: 542px) 100vw, 542px\" \/>Toiminnallisen suunnittelujaoksen synty ajoittuu 2000-luvun puoliv\u00e4liin, jolloin ensimm\u00e4ist\u00e4 kertaa kutsuttiin eri sairaaloissa toimineet suunnittelukoordinaattorit yhteiseen tapaamiseen. Silloin jo oli toistakymment\u00e4 eri nimikkeill\u00e4 olevia, hoitoty\u00f6n taustan omaavia asiantuntijoita, jotka ty\u00f6skenteliv\u00e4t rakennushankkeissa, mutta teht\u00e4v\u00e4t vaihtelevat sis\u00e4ll\u00f6lt\u00e4\u00e4n eri sairaaloissa. Yhteist\u00e4 kaikille t\u00e4t\u00e4 ty\u00f6t\u00e4 tekeville on, ett\u00e4 he kykenev\u00e4t toimimaan koordinaattoreina, v\u00e4litt\u00e4jin\u00e4, tulkkeina, selitt\u00e4jin\u00e4 arkkitehtien ja loppuk\u00e4ytt\u00e4jien v\u00e4lill\u00e4 laajan hoitotaustan ja rakennushankkeiden prosessin tuntemisen perusteella. Terveydenhuollon ja sairaanhoidon kehittymisen my\u00f6t\u00e4 he ovat perehtyneet prosessien kehitt\u00e4miseen, n\u00e4ytt\u00f6\u00f6n perustuvaan suunnitteluun ja terveydenhuollon tulevaisuuden tilatarpeisiin.<\/p>\n<p>Toiminnallisen suunnittelujaosto on laajasti verkostoitunut ja j\u00e4rjest\u00e4\u00e4 j\u00e4senilleen tapaamisia ja koulutusta 3-4 kertaa vuodessa. Vilkasta keskustelua k\u00e4yd\u00e4\u00e4n yhteisist\u00e4 asioista tapaamisissa sek\u00e4 my\u00f6s s\u00e4hk\u00f6postitse. Julkisen sektorin terveydenhuollon huonetilojen yhten\u00e4ist\u00e4miseksi jaosto k\u00e4ynnisti vaatimusten hallinta \u2013 ja huonekortti j\u00e4rjestelm\u00e4n kehittelyn, josta on syntynyt Vahtihuonekortti-j\u00e4rjestelm\u00e4 vuonna 2010.<\/p>\n<\/div><div class=\"fusion-clearfix\"><\/div><\/div><\/div><div class=\"fusion-layout-column fusion_builder_column fusion-builder-column-2 fusion_builder_column_1_1 1_1 fusion-one-full fusion-column-first fusion-column-last\" style=\"--awb-bg-size:cover;\"><div class=\"fusion-column-wrapper fusion-column-has-shadow fusion-flex-column-wrapper-legacy\"><div class=\"fusion-text fusion-text-3\"><p>Suunnittelukoordinaattorit (nimike voi olla erilainen joissain sairaanhoitopiireiss\u00e4) ovat mukana suunnittelun, rakentamisen ja k\u00e4ytt\u00f6\u00f6noton eri vaiheissa. Teht\u00e4v\u00e4kuvat ja toimintojen aikataulu saattaa vaihdella sairaanhoitopiireitt\u00e4in, mutta alla olevassa kaavioissa on kuvattu suunnittelukoordinaattoreiden teht\u00e4vi\u00e4 hankkeen eri vaiheissa.<\/p>\n<\/div><div class=\"fusion-image-element in-legacy-container\" style=\"--awb-caption-title-font-family:var(--h2_typography-font-family);--awb-caption-title-font-weight:var(--h2_typography-font-weight);--awb-caption-title-font-style:var(--h2_typography-font-style);--awb-caption-title-size:var(--h2_typography-font-size);--awb-caption-title-transform:var(--h2_typography-text-transform);--awb-caption-title-line-height:var(--h2_typography-line-height);--awb-caption-title-letter-spacing:var(--h2_typography-letter-spacing);\"><span class=\" fusion-imageframe imageframe-none imageframe-1 hover-type-none\"><img decoding=\"async\" width=\"2384\" height=\"1688\" title=\"SuunnittelukoordinaattorinTehtavatHankkeenEriVaiheissa2020\" src=\"https:\/\/ssty.fi\/toiminnallinen-suunnittelujaos\/files\/2020\/12\/SuunnittelukoordinaattorinTehtavatHankkeenEriVaiheissa2020.png\" alt class=\"img-responsive wp-image-291\" srcset=\"https:\/\/ssty.fi\/toiminnallinen-suunnittelujaos\/files\/2020\/12\/SuunnittelukoordinaattorinTehtavatHankkeenEriVaiheissa2020-200x142.png 200w, https:\/\/ssty.fi\/toiminnallinen-suunnittelujaos\/files\/2020\/12\/SuunnittelukoordinaattorinTehtavatHankkeenEriVaiheissa2020-400x283.png 400w, https:\/\/ssty.fi\/toiminnallinen-suunnittelujaos\/files\/2020\/12\/SuunnittelukoordinaattorinTehtavatHankkeenEriVaiheissa2020-600x425.png 600w, https:\/\/ssty.fi\/toiminnallinen-suunnittelujaos\/files\/2020\/12\/SuunnittelukoordinaattorinTehtavatHankkeenEriVaiheissa2020-800x566.png 800w, https:\/\/ssty.fi\/toiminnallinen-suunnittelujaos\/files\/2020\/12\/SuunnittelukoordinaattorinTehtavatHankkeenEriVaiheissa2020-1200x850.png 1200w, https:\/\/ssty.fi\/toiminnallinen-suunnittelujaos\/files\/2020\/12\/SuunnittelukoordinaattorinTehtavatHankkeenEriVaiheissa2020.png 2384w\" sizes=\"(max-width: 1000px) 100vw, 1200px\" \/><\/span><\/div><div class=\"fusion-sep-clear\"><\/div><div class=\"fusion-separator fusion-full-width-sep\" style=\"margin-left: auto;margin-right: auto;width:100%;\"><div class=\"fusion-separator-border sep-single sep-solid\" style=\"--awb-height:20px;--awb-amount:20px;border-color:#e0dede;border-top-width:1px;\"><\/div><\/div><div class=\"fusion-sep-clear\"><\/div><div class=\"fusion-clearfix\"><\/div><\/div><\/div><\/div><\/div><div class=\"fusion-fullwidth fullwidth-box fusion-builder-row-2 fusion-flex-container nonhundred-percent-fullwidth non-hundred-percent-height-scrolling\" style=\"--awb-border-radius-top-left:0px;--awb-border-radius-top-right:0px;--awb-border-radius-bottom-right:0px;--awb-border-radius-bottom-left:0px;--awb-flex-wrap:wrap;\" ><div class=\"fusion-builder-row fusion-row fusion-flex-align-items-flex-start fusion-flex-content-wrap\" style=\"max-width:1216.8px;margin-left: calc(-4% \/ 2 );margin-right: calc(-4% \/ 2 );\"><div class=\"fusion-layout-column fusion_builder_column fusion-builder-column-3 fusion_builder_column_1_1 1_1 fusion-flex-column\" style=\"--awb-bg-size:cover;--awb-width-large:100%;--awb-margin-top-large:0px;--awb-spacing-right-large:1.92%;--awb-margin-bottom-large:20px;--awb-spacing-left-large:1.92%;--awb-width-medium:100%;--awb-order-medium:0;--awb-spacing-right-medium:1.92%;--awb-spacing-left-medium:1.92%;--awb-width-small:100%;--awb-order-small:0;--awb-spacing-right-small:1.92%;--awb-spacing-left-small:1.92%;\"><div class=\"fusion-column-wrapper fusion-column-has-shadow fusion-flex-justify-content-flex-start fusion-content-layout-column\"><div class=\"fusion-text fusion-text-4\"><h3 style=\"text-align: center;\">Jaoksen vet\u00e4j\u00e4 ja yhteystiedot:<\/h3>\n<\/div><div class=\"fusion-person person fusion-person-center fusion-person-1 fusion-person-icon-bottom\" style=\"--awb-pic-style-color:#2d2d2d;--awb-pic-borderradius:0px;--awb-margin-top:0px;--awb-margin-right:0px;--awb-margin-bottom:0px;--awb-margin-left:0px;--awb-social-box-border-top:0px;--awb-social-box-border-right:0px;--awb-social-box-border-bottom:0px;--awb-social-box-border-left:0px;--awb-social-box-border-color:var(--awb-color3);--awb-social-box-border-color-hover:var(--awb-color4);--awb-social-box-colors-hover:rgba(232,232,232,0.8);--awb-social-icon-boxed-colors:#e8e8e8;--awb-social-icon-colors:#bebdbd;--awb-social-icon-colors-hover:rgba(190,189,189,0.8);\"><div class=\"person-shortcode-image-wrapper\"><div class=\"person-image-container hover-type-none\" style=\"border:0px solid #eeeeee;-webkit-border-radius:0px;-moz-border-radius:0px;border-radius:0px;\"><img decoding=\"async\" class=\"person-img img-responsive wp-image-242\" width=\"150\" height=\"150\" src=\"https:\/\/ssty.fi\/toiminnallinen-suunnittelujaos\/files\/2020\/08\/avatar_female-150x150.png\" alt=\"Eeva Rikkil\u00e4-Kettunen\" srcset=\"https:\/\/ssty.fi\/toiminnallinen-suunnittelujaos\/files\/2020\/08\/avatar_female-200x199.png 200w, https:\/\/ssty.fi\/toiminnallinen-suunnittelujaos\/files\/2020\/08\/avatar_female-400x398.png 400w, https:\/\/ssty.fi\/toiminnallinen-suunnittelujaos\/files\/2020\/08\/avatar_female-600x597.png 600w, https:\/\/ssty.fi\/toiminnallinen-suunnittelujaos\/files\/2020\/08\/avatar_female-800x796.png 800w, https:\/\/ssty.fi\/toiminnallinen-suunnittelujaos\/files\/2020\/08\/avatar_female-1200x1193.png 1200w\" sizes=\"(max-width: 1024px) 100vw, (max-width: 640px) 100vw, 1200px\" \/><\/div><\/div><div class=\"person-desc\" style=\"background-color:#ffffff;padding:40px;margin-top:0;\"><div class=\"person-author\"><div class=\"person-author-wrapper\"><span class=\"person-name\">Eeva Rikkil\u00e4-Kettunen<\/span><span class=\"person-title\"><\/span><\/div><\/div><div class=\"person-content fusion-clearfix\">eeva.rikkila-kettunen@omahame.fi<\/div><div class=\"fusion-social-networks\"><div class=\"fusion-social-networks-wrapper\"><a class=\"fusion-social-network-icon fusion-tooltip fusion-mail awb-icon-mail custom\" aria-label=\"fusion-mail\" href=\"mailto:&#101;&#101;&#118;&#097;.ri&#107;&#107;ila-k&#101;&#116;&#116;&#117;&#110;&#101;n&#064;&#111;m&#097;&#104;&#097;&#109;e.&#102;i\" target=\"_self\" style=\"color:#bebdbd;font-size:16px;\" data-placement=\"top\" data-title=\"Mail\" title=\"Mail\" data-toggle=\"tooltip\"><\/a><\/div><\/div><\/div><\/div><\/div><\/div><div class=\"fusion-layout-column fusion_builder_column fusion-builder-column-4 fusion_builder_column_1_1 1_1 fusion-flex-column\" style=\"--awb-bg-size:cover;--awb-width-large:100%;--awb-margin-top-large:0px;--awb-spacing-right-large:1.92%;--awb-margin-bottom-large:20px;--awb-spacing-left-large:1.92%;--awb-width-medium:100%;--awb-order-medium:0;--awb-spacing-right-medium:1.92%;--awb-spacing-left-medium:1.92%;--awb-width-small:100%;--awb-order-small:0;--awb-spacing-right-small:1.92%;--awb-spacing-left-small:1.92%;\"><div class=\"fusion-column-wrapper fusion-column-has-shadow fusion-flex-justify-content-flex-start fusion-content-layout-column\"><div class=\"fusion-separator fusion-full-width-sep\" style=\"align-self: center;margin-left: auto;margin-right: auto;width:100%;\"><div class=\"fusion-separator-border sep-single sep-solid\" style=\"--awb-height:20px;--awb-amount:20px;border-color:#e0dede;border-top-width:1px;\"><\/div><\/div><\/div><\/div><\/div><\/div><div class=\"fusion-fullwidth fullwidth-box fusion-builder-row-3 fusion-flex-container nonhundred-percent-fullwidth non-hundred-percent-height-scrolling\" style=\"--awb-border-radius-top-left:0px;--awb-border-radius-top-right:0px;--awb-border-radius-bottom-right:0px;--awb-border-radius-bottom-left:0px;--awb-flex-wrap:wrap;\" ><div class=\"fusion-builder-row fusion-row fusion-flex-align-items-flex-start fusion-flex-content-wrap\" style=\"max-width:1216.8px;margin-left: calc(-4% \/ 2 );margin-right: calc(-4% \/ 2 );\"><div class=\"fusion-layout-column fusion_builder_column fusion-builder-column-5 fusion_builder_column_1_1 1_1 fusion-flex-column\" style=\"--awb-bg-size:cover;--awb-width-large:100%;--awb-margin-top-large:0px;--awb-spacing-right-large:1.92%;--awb-margin-bottom-large:20px;--awb-spacing-left-large:1.92%;--awb-width-medium:100%;--awb-order-medium:0;--awb-spacing-right-medium:1.92%;--awb-spacing-left-medium:1.92%;--awb-width-small:100%;--awb-order-small:0;--awb-spacing-right-small:1.92%;--awb-spacing-left-small:1.92%;\"><div class=\"fusion-column-wrapper fusion-column-has-shadow fusion-flex-justify-content-flex-start fusion-content-layout-column\"><div class=\"fusion-title title fusion-title-1 fusion-sep-none fusion-title-center fusion-title-text fusion-title-size-three\" style=\"--awb-margin-top-small:0px;--awb-margin-right-small:0px;--awb-margin-bottom-small:20px;--awb-margin-left-small:0px;--awb-font-size:30px;\"><h3 class=\"fusion-title-heading title-heading-center fusion-responsive-typography-calculated\" style=\"margin:0;font-size:1em;--fontSize:30;line-height:1.3;\">Jaoksessa juuri nyt<\/h3><\/div><div class=\"fusion-blog-shortcode fusion-blog-shortcode-1 fusion-blog-archive fusion-blog-layout-grid-wrapper fusion-blog-pagination\"><style type=\"text\/css\">.fusion-blog-shortcode-1 .fusion-blog-layout-grid .fusion-post-grid{padding:20px;}.fusion-blog-shortcode-1 .fusion-posts-container{margin-left: -20px !important; margin-right:-20px !important;}<\/style><div class=\"fusion-posts-container fusion-posts-container-pagination fusion-blog-rollover fusion-blog-layout-grid fusion-blog-layout-grid-3 isotope fusion-blog-equal-heights\" data-pages=\"1\" data-grid-col-space=\"40\" style=\"margin: -20px -20px 0;min-height:500px;\"><article id=\"blog-1-post-444\" class=\"fusion-post-grid post-444 post type-post status-publish format-standard hentry category-etusivun-nosto\">\n<div class=\"fusion-post-wrapper\" style=\"background-color:rgba(255,255,255,0);border:1px solid #efefef;border-bottom-width:3px;\">\n\n<div class=\"fusion-post-content-wrapper\" style=\"padding:30px 25px 20px 25px;\"><div class=\"fusion-post-content post-content\"><h2 class=\"blog-shortcode-post-title entry-title\"><a href=\"https:\/\/ssty.fi\/toiminnallinen-suunnittelujaos\/2025\/01\/13\/muutosjohtaminen-ja-kayttajalahtoinen-suunnittelu-sairaalahankkeissa-koulutus-27-3-2025\/\">Muutosjohtaminen ja k\u00e4ytt\u00e4j\u00e4l\u00e4ht\u00f6inen suunnittelu sairaalahankkeissa -koulutus 27.3.2025<\/a><\/h2><p class=\"fusion-single-line-meta\"><span class=\"vcard\" style=\"display: none;\"><span class=\"fn\"><a href=\"https:\/\/ssty.fi\/toiminnallinen-suunnittelujaos\/author\/laura\/\" title=\"Kirjoittanut: laura\" rel=\"author\">laura<\/a><\/span><\/span><span class=\"updated\" style=\"display:none;\">2025-01-13T12:55:37+02:00<\/span><span>13.1.2025<\/span><span class=\"fusion-inline-sep\">|<\/span><\/p><div class=\"fusion-content-sep sep-\"><\/div><div class=\"fusion-post-content-container\"><p> Muutosjohtaminen ja k\u00e4ytt\u00e4j\u00e4l\u00e4ht\u00f6inen suunnittelu sairaalahankkeissa -koulutus 27.3.2025  SSTY:n [...]<\/p><\/div><\/div><\/div><div class=\"fusion-clearfix\"><\/div><\/div>\n<\/article>\n<article id=\"blog-1-post-434\" class=\"fusion-post-grid post-434 post type-post status-publish format-standard hentry category-etusivun-nosto\">\n<div class=\"fusion-post-wrapper\" style=\"background-color:rgba(255,255,255,0);border:1px solid #efefef;border-bottom-width:3px;\">\n\n<div class=\"fusion-post-content-wrapper\" style=\"padding:30px 25px 20px 25px;\"><div class=\"fusion-post-content post-content\"><h2 class=\"blog-shortcode-post-title entry-title\"><a href=\"https:\/\/ssty.fi\/toiminnallinen-suunnittelujaos\/2024\/11\/18\/tutustumiskaynti-assi-sairaalassa-14-11-2024-tiedote\/\">Tutustumisk\u00e4ynti Assi-sairaalassa 14.11.2024 &#8211; Tiedote<\/a><\/h2><p class=\"fusion-single-line-meta\"><span class=\"vcard\" style=\"display: none;\"><span class=\"fn\"><a href=\"https:\/\/ssty.fi\/toiminnallinen-suunnittelujaos\/author\/laura\/\" title=\"Kirjoittanut: laura\" rel=\"author\">laura<\/a><\/span><\/span><span class=\"updated\" style=\"display:none;\">2024-11-18T08:56:45+02:00<\/span><span>18.11.2024<\/span><span class=\"fusion-inline-sep\">|<\/span><\/p><div class=\"fusion-content-sep sep-\"><\/div><div class=\"fusion-post-content-container\"><p> Toiminnallisen suunnittelujaoksen ja kiinteist\u00f6jaoksen tutustumisk\u00e4ynti Assi-sairaalassa 14.11.2024 Toiminnallinen suunnittelujaos [...]<\/p><\/div><\/div><\/div><div class=\"fusion-clearfix\"><\/div><\/div>\n<\/article>\n<div class=\"fusion-clearfix\"><\/div><\/div><\/div><\/div><\/div><\/div><\/div><\/p>\n","protected":false},"excerpt":{"rendered":"","protected":false},"author":19,"featured_media":0,"parent":0,"menu_order":0,"comment_status":"closed","ping_status":"closed","template":"","meta":{"footnotes":""},"class_list":["post-12","page","type-page","status-publish","hentry"],"_links":{"self":[{"href":"https:\/\/ssty.fi\/toiminnallinen-suunnittelujaos\/wp-json\/wp\/v2\/pages\/12","targetHints":{"allow":["GET"]}}],"collection":[{"href":"https:\/\/ssty.fi\/toiminnallinen-suunnittelujaos\/wp-json\/wp\/v2\/pages"}],"about":[{"href":"https:\/\/ssty.fi\/toiminnallinen-suunnittelujaos\/wp-json\/wp\/v2\/types\/page"}],"author":[{"embeddable":true,"href":"https:\/\/ssty.fi\/toiminnallinen-suunnittelujaos\/wp-json\/wp\/v2\/users\/19"}],"replies":[{"embeddable":true,"href":"https:\/\/ssty.fi\/toiminnallinen-suunnittelujaos\/wp-json\/wp\/v2\/comments?post=12"}],"version-history":[{"count":24,"href":"https:\/\/ssty.fi\/toiminnallinen-suunnittelujaos\/wp-json\/wp\/v2\/pages\/12\/revisions"}],"predecessor-version":[{"id":493,"href":"https:\/\/ssty.fi\/toiminnallinen-suunnittelujaos\/wp-json\/wp\/v2\/pages\/12\/revisions\/493"}],"wp:attachment":[{"href":"https:\/\/ssty.fi\/toiminnallinen-suunnittelujaos\/wp-json\/wp\/v2\/media?parent=12"}],"curies":[{"name":"wp","href":"https:\/\/api.w.org\/{rel}","templated":true}]}}