{"id":706,"date":"2022-09-20T10:22:29","date_gmt":"2022-09-20T07:22:29","guid":{"rendered":"https:\/\/ssty.fi\/sairaalatekniikan-paivat\/?page_id=706"},"modified":"2023-01-26T10:09:54","modified_gmt":"2023-01-26T08:09:54","slug":"jaoskokoukset-2023","status":"publish","type":"page","link":"https:\/\/ssty.fi\/sairaalatekniikan-paivat\/jaoskokoukset-2023\/","title":{"rendered":"Jaoskokoukset"},"content":{"rendered":"<p><div class=\"fusion-fullwidth fullwidth-box fusion-builder-row-1 fusion-flex-container nonhundred-percent-fullwidth non-hundred-percent-height-scrolling\" style=\"--awb-border-radius-top-left:0px;--awb-border-radius-top-right:0px;--awb-border-radius-bottom-right:0px;--awb-border-radius-bottom-left:0px;--awb-flex-wrap:wrap;\" ><div class=\"fusion-builder-row fusion-row fusion-flex-align-items-flex-start fusion-flex-content-wrap\" style=\"max-width:1248px;margin-left: calc(-4% \/ 2 );margin-right: calc(-4% \/ 2 );\"><div class=\"fusion-layout-column fusion_builder_column fusion-builder-column-0 fusion_builder_column_1_1 1_1 fusion-flex-column\" style=\"--awb-bg-size:cover;--awb-width-large:100%;--awb-margin-top-large:0px;--awb-spacing-right-large:1.92%;--awb-margin-bottom-large:20px;--awb-spacing-left-large:1.92%;--awb-width-medium:100%;--awb-order-medium:0;--awb-spacing-right-medium:1.92%;--awb-spacing-left-medium:1.92%;--awb-width-small:100%;--awb-order-small:0;--awb-spacing-right-small:1.92%;--awb-spacing-left-small:1.92%;\"><div class=\"fusion-column-wrapper fusion-column-has-shadow fusion-flex-justify-content-flex-start fusion-content-layout-column\"><div class=\"fusion-title title fusion-title-1 fusion-title-center fusion-title-text fusion-title-size-one\" style=\"--awb-margin-top-small:10px;--awb-margin-right-small:0px;--awb-margin-bottom-small:10px;--awb-margin-left-small:0px;--awb-font-size:35PX;\"><div class=\"title-sep-container title-sep-container-left\"><div class=\"title-sep sep-single sep-solid\" style=\"border-color:#e2e2e2;\"><\/div><\/div><span class=\"awb-title-spacer\"><\/span><h1 class=\"fusion-title-heading title-heading-center fusion-responsive-typography-calculated\" style=\"margin:0;font-size:1em;--fontSize:14;--minFontSize:14;line-height:1.16;\"><p style=\"text-align: center;\">JAOSKOKOUKSET<\/p><\/h1><span class=\"awb-title-spacer\"><\/span><div class=\"title-sep-container title-sep-container-right\"><div class=\"title-sep sep-single sep-solid\" style=\"border-color:#e2e2e2;\"><\/div><\/div><\/div><\/div><\/div><\/div><\/div><div class=\"fusion-fullwidth fullwidth-box fusion-builder-row-2 fusion-flex-container nonhundred-percent-fullwidth non-hundred-percent-height-scrolling\" style=\"--awb-border-radius-top-left:0px;--awb-border-radius-top-right:0px;--awb-border-radius-bottom-right:0px;--awb-border-radius-bottom-left:0px;--awb-flex-wrap:wrap;\" ><div class=\"fusion-builder-row fusion-row fusion-flex-align-items-flex-start fusion-flex-content-wrap\" style=\"max-width:1248px;margin-left: calc(-4% \/ 2 );margin-right: calc(-4% \/ 2 );\"><div class=\"fusion-layout-column fusion_builder_column fusion-builder-column-1 fusion_builder_column_1_6 1_6 fusion-flex-column\" style=\"--awb-bg-size:cover;--awb-width-large:16.666666666667%;--awb-margin-top-large:0px;--awb-spacing-right-large:11.52%;--awb-margin-bottom-large:20px;--awb-spacing-left-large:11.52%;--awb-width-medium:100%;--awb-order-medium:0;--awb-spacing-right-medium:1.92%;--awb-spacing-left-medium:1.92%;--awb-width-small:100%;--awb-order-small:0;--awb-spacing-right-small:1.92%;--awb-spacing-left-small:1.92%;\"><div class=\"fusion-column-wrapper fusion-column-has-shadow fusion-flex-justify-content-flex-start fusion-content-layout-column\"><\/div><\/div><div class=\"fusion-layout-column fusion_builder_column fusion-builder-column-2 fusion_builder_column_2_3 2_3 fusion-flex-column\" style=\"--awb-bg-size:cover;--awb-width-large:66.666666666667%;--awb-margin-top-large:0px;--awb-spacing-right-large:2.88%;--awb-margin-bottom-large:20px;--awb-spacing-left-large:2.88%;--awb-width-medium:100%;--awb-order-medium:0;--awb-spacing-right-medium:1.92%;--awb-spacing-left-medium:1.92%;--awb-width-small:100%;--awb-order-small:0;--awb-spacing-right-small:1.92%;--awb-spacing-left-small:1.92%;\"><div class=\"fusion-column-wrapper fusion-column-has-shadow fusion-flex-justify-content-flex-start fusion-content-layout-column\"><div class=\"fusion-text fusion-text-1\" style=\"--awb-text-transform:none;\"><p>SSTY:n jaokset j\u00e4rjest\u00e4v\u00e4t kokouksia \/ tapaamisia Sairaalatekniikan p\u00e4ivien yhteydess\u00e4 tiistaina 7.2.2023 Scandic Marina Congress Centeriss\u00e4 (Katajanokanlaituri 6, Helsinki) ja Scandic Grand Marina hotellissa Katajannokanlaituri 7, Helsinki).<\/p>\n<\/div><\/div><\/div><div class=\"fusion-layout-column fusion_builder_column fusion-builder-column-3 fusion_builder_column_1_6 1_6 fusion-flex-column\" style=\"--awb-bg-size:cover;--awb-width-large:16.666666666667%;--awb-margin-top-large:0px;--awb-spacing-right-large:11.52%;--awb-margin-bottom-large:20px;--awb-spacing-left-large:11.52%;--awb-width-medium:100%;--awb-order-medium:0;--awb-spacing-right-medium:1.92%;--awb-spacing-left-medium:1.92%;--awb-width-small:100%;--awb-order-small:0;--awb-spacing-right-small:1.92%;--awb-spacing-left-small:1.92%;\"><div class=\"fusion-column-wrapper fusion-column-has-shadow fusion-flex-justify-content-flex-start fusion-content-layout-column\"><\/div><\/div><\/div><\/div><div class=\"fusion-fullwidth fullwidth-box fusion-builder-row-3 fusion-flex-container has-pattern-background has-mask-background nonhundred-percent-fullwidth non-hundred-percent-height-scrolling\" style=\"--awb-border-radius-top-left:0px;--awb-border-radius-top-right:0px;--awb-border-radius-bottom-right:0px;--awb-border-radius-bottom-left:0px;--awb-flex-wrap:wrap;\" ><div class=\"fusion-builder-row fusion-row fusion-flex-align-items-flex-start fusion-flex-content-wrap\" style=\"max-width:1248px;margin-left: calc(-4% \/ 2 );margin-right: calc(-4% \/ 2 );\"><div class=\"fusion-layout-column fusion_builder_column fusion-builder-column-4 fusion_builder_column_1_1 1_1 fusion-flex-column\" style=\"--awb-bg-size:cover;--awb-width-large:100%;--awb-margin-top-large:0px;--awb-spacing-right-large:1.92%;--awb-margin-bottom-large:20px;--awb-spacing-left-large:1.92%;--awb-width-medium:100%;--awb-order-medium:0;--awb-spacing-right-medium:1.92%;--awb-spacing-left-medium:1.92%;--awb-width-small:100%;--awb-order-small:0;--awb-spacing-right-small:1.92%;--awb-spacing-left-small:1.92%;\"><div class=\"fusion-column-wrapper fusion-column-has-shadow fusion-flex-justify-content-flex-start fusion-content-layout-column\">\n<div class=\"table-1\">\n<table style=\"width: 100%; height: 80px;\" width=\"100%\">\n<thead>\n<tr style=\"height: 80px;\">\n<th style=\"height: 80px;\" align=\"left\">\n<p style=\"text-align: left;\"><strong>LVI-jaos<\/strong><\/p>\n<p style=\"text-align: left;\">Aika: 7.2.2023 klo 17.00 &#8211; 19.00<br \/>\nPaikka: Scandic Marina Congress Center, kokoustila <span data-sheets-value=\"{\" data-sheets-userformat=\"{\">Fennia I<\/span><\/p>\n<p>Ohjelma:<br \/>\nJaoskokous<br \/>\nToimintakertomus<br \/>\nToimintasuunnitelma<br \/>\nAjankohtaisia asioita:<br \/>\n&#8211; EU:n uuden juomavesidirektiivin seurauksena 1.1.2023 tulee voimaan uudistunut talousvesiasetus (1352\/2015), jonka ansiosta legionelloihin aletaan kiinnitt\u00e4\u00e4 erityist\u00e4 huomiota kuntien terveysvalvonnassa<br \/>\n&#8211; muita asioita?<br \/>\nSSTY:lle on ehdotettu Suomen ensimm\u00e4inen Sairaalavesik\u00e4sikirja &#8211; Ehdotus vesihygienian yhteisty\u00f6st\u00e4, Suomen Puhdasvesi yhti\u00f6n toimesta: keskustelua tarpeellisuudesta<br \/>\nMuut asiat<br \/>\n&#8211; 2024 ehdotuksia aiheiksi &#8221;isoon saliin&#8221;<br \/>\n&#8211; puheenjohtajan valinta<br \/>\nTilaisuuden p\u00e4\u00e4t\u00f6s<\/th>\n<\/tr>\n<\/thead>\n<\/table>\n<\/div>\n\n<div class=\"table-1\">\n<table style=\"width: 100%; height: 80px;\" width=\"100%\">\n<thead>\n<tr style=\"height: 80px;\">\n<th style=\"height: 80px;\" align=\"left\">\n<p style=\"text-align: left;\"><strong>Toiminnallisen suunnittelun jaos<\/strong><\/p>\n<p style=\"text-align: left;\">Aika: 7.2.2023 klo 17.00 \u2013 19.00<br \/>\nPaikka: Scandic Marina Congress Center, kokoustila Baltica<\/p>\n<p style=\"text-align: left;\">Ohjelma<\/p>\n<p style=\"text-align: left;\">klo 17.00\u00a0\u00a0\u00a0\u00a0\u00a0\u00a0\u00a0 kokouksen avaus ja ajankohtaiset asiat &#8211;\u00a0Tiina Jouppila<br \/>\nklo 17.20\u00a0\u00a0\u00a0\u00a0\u00a0\u00a0\u00a0 P\u00e4ij\u00e4t-H\u00e4meen keskussairaala, rakennusvaihe &#8211;\u00a0Pirjo Asikainen<br \/>\nklo 17.50\u00a0\u00a0\u00a0\u00a0\u00a0\u00a0\u00a0 Eloisan Mielen ja kuntoutuksen talo &#8211;\u00a0Emma Pukkila tai Pirjo Syv\u00e4oja<br \/>\nklo 18.20\u00a0\u00a0\u00a0\u00a0\u00a0\u00a0\u00a0 Sairaalan kylpyhuoneesta esteet\u00f6n, toiminnallinen, hygieeninen ja kustannustehokas &#8211;\u00a0Anu Pennanen, Korpinen Oy<br \/>\nklo 18.50 \u00a0\u00a0\u00a0\u00a0\u00a0\u00a0 keskustelua ja tilaisuuden p\u00e4\u00e4t\u00f6s<\/p>\n<\/th>\n<\/tr>\n<\/thead>\n<\/table>\n<\/div>\n\n<div class=\"table-1\">\n<table style=\"width: 100%; height: 80px;\" width=\"100%\">\n<thead>\n<tr style=\"height: 80px;\">\n<th style=\"height: 80px;\" align=\"left\">\n<p style=\"text-align: left;\"><strong>S\u00e4hk\u00f6jaos<br \/>\n<\/strong><\/p>\n<p style=\"text-align: left;\">Aika: 7.2.2023 klo 17.00 &#8211; 19.00<br \/>\nPaikka: Scandic Marina Congress Center, kokoustila <span data-sheets-value=\"{\" data-sheets-userformat=\"{\">Press Room<\/span><\/p>\n<p style=\"text-align: left;\">Ohjelma<\/p>\n<p class=\"moz-quote-pre\">klo 17.00 &#8211; 17.15 S\u00e4hk\u00f6jaoksen vuosikokous<br \/>\nklo 17.15 &#8211; 18.00 Sairaalateknisen varautumisen suuntaviivat ja sudenkuopat &#8211; yll\u00e4pitop\u00e4\u00e4llikk\u00f6 Jarno Virolainen, Pirkanmaan HVA<br \/>\nklo 18.00 &#8211; 18.45 Keskustelukierros hyvinvointialueen vaikutuksista s\u00e4hk\u00f6puolen toimintoihin &#8211; sairaalainsin\u00f6\u00f6ri Timo S\u00e4is\u00e4 Pohjois-Savon HVA ja tukipalvelujohtaja Jari Hakala, Etel\u00e4-Pohjanmaan HVA<br \/>\nKlo 19.00 Kokous p\u00e4\u00e4ttyy<\/p>\n<\/th>\n<\/tr>\n<\/thead>\n<\/table>\n<\/div>\n\n<div class=\"table-1\">\n<table style=\"width: 100%; height: 80px;\" width=\"100%\">\n<thead>\n<tr style=\"height: 80px;\">\n<th style=\"height: 80px;\" align=\"left\">\n<p style=\"text-align: left;\"><strong>Kiinteist\u00f6jaos<br \/>\n<\/strong><\/p>\n<p style=\"text-align: left;\">Aika: 7.2.2023 klo 17.00 &#8211; 19.00<br \/>\nPaikka: Scandic Marina Congress Center, kokoustila <span data-sheets-value=\"{\" data-sheets-userformat=\"{\">Marine Room<\/span><\/p>\n<p style=\"text-align: left;\">Ohjelma<\/p>\n<p>klo 17.00-17.10 TILAISUUDEN AVAUS &#8211; Jaoksen puheenjohtaja, Vesa Vainiotalo, HUS Tilakeskus<\/p>\n<p>klo 17.10-17.40 MITEN MAAKUNTIEN TILAKESKUS VOI PALVELLA UUSIA OMISTAJIAAN &#8211;\u00a0SoTe uudistuksen my\u00f6t\u00e4 Maakuntien Tilakeskuksen omistajuus siirtyi hyvinvointialueille, Helsingille ja HUSlle. Mit\u00e4 palveluita Tilakeskus tuottaa lakis\u00e4\u00e4teisesti ja mit\u00e4 lis\u00e4palveluita omistajat voisivat tilata. &#8211;\u00a0Maakuntien Tilakeskus Oy, toimitusjohtaja Jukka Latvala<\/p>\n<p>klo 17.40-18.20 LAAKSON YHTEISSAIRAALAHANKE &#8211;\u00a0HUSin ja Helsingin kaupungin yhteishanke Laakson sairaala-alueella. Hankkeen organisointi, yhteistoiminta eri organisaatioiden v\u00e4lill\u00e4, sopeutuminen suhdannetilanteeseen ja hankkeen sis\u00e4lt\u00f6. &#8211; HUS Tilakeskus, arkkitehti Salla It\u00e4aho ja Vesa Vainiotalo<\/p>\n<p>klo 18.20-18.50 KESKUSTELUA SOTE UUDISTUKSEN VAIKUTUKSISTA ERIKOISSAIRAANHOIDON JA MUUN TERVEYDENHUOLLON KIINTEIST\u00d6TOIMEEN &#8211;\u00a0<strong>TOIVOTAAN VAPAAEHTOISIA ALUSTAJIA\u00a0<\/strong>Vapaata keskustelua aiheesta tai aiheen vierest\u00e4 (muitakin alustuksia on mahdollista nostaa)<\/p>\n<p>klo 18.50-19.00 JAOKSEN PUHEENJOHTAJAN JA VARAPUHEENJOHTAJAN VALINTA<\/th>\n<\/tr>\n<\/thead>\n<\/table>\n<\/div>\n\n<div class=\"table-1\">\n<table style=\"width: 100%; height: 80px;\" width=\"100%\">\n<thead>\n<tr style=\"height: 80px;\">\n<th style=\"height: 80px;\" align=\"left\">\n<p style=\"text-align: left;\"><strong>L\u00e4\u00e4kint\u00e4tekniikan jaos<br \/>\n<\/strong><\/p>\n<p style=\"text-align: left;\">Aika: 7.2.2023 klo 17.00 &#8211; 19.00<br \/>\nPaikka: Scandic Grand Marina hotelli, kokoustila <span data-sheets-value=\"{\" data-sheets-userformat=\"{\">Compass<\/span><\/p>\n<p style=\"text-align: left;\">Ohjelma<\/p>\n<p class=\"moz-quote-pre\">Vuoden 2022 toimintakertomus<br \/>\nVuoden 2023 toimintasuunnitelma ja kehitysprojekteista p\u00e4\u00e4tt\u00e4minen<br \/>\nYleist\u00e4 keskustelua &#8221;Ammattimaisen k\u00e4ytt\u00e4j\u00e4n vastuuhenkil\u00f6n rooli hyvinvointialueella&#8221;<\/p>\n<\/th>\n<\/tr>\n<\/thead>\n<\/table>\n<\/div>\n\n<div class=\"table-1\">\n<table style=\"width: 100%; height: 80px;\" width=\"100%\">\n<thead>\n<tr style=\"height: 80px;\">\n<th style=\"height: 80px;\" align=\"left\"><strong>Turvallisuusjaos<br \/>\n<\/strong>Aika: 7.2.2023 klo 17.00 &#8211; 18.00<br \/>\nPaikka: Scandic Grand Marina hotelli, kokoustila <span data-sheets-value=\"{\" data-sheets-userformat=\"{\">Eliel<\/span><\/p>\n<p>Ohjelma<\/p>\n<p class=\"moz-quote-pre\">1. Kokouksen avaus<br \/>\n2. Valitaan kokoukselle puheenjohtaja ja sihteeri.<br \/>\n3. Keskustelua hyvinvointialueiden k\u00e4ynnistymisest\u00e4<br \/>\n4. Vuoden 2023 toiminta ja tapahtumat<br \/>\n5. Muut ajankohtaiset asiat<br \/>\n6. Kokouksen p\u00e4\u00e4tt\u00e4minen<\/p>\n<\/th>\n<\/tr>\n<\/thead>\n<\/table>\n<\/div>\n\n<div class=\"table-1\">\n<table style=\"width: 100%; height: 80px;\" width=\"100%\">\n<thead>\n<tr style=\"height: 80px;\">\n<th style=\"height: 80px;\" align=\"left\">\n<p style=\"text-align: left;\"><strong>Ymp\u00e4rist\u00f6jaos<br \/>\n<\/strong><\/p>\n<p style=\"text-align: left;\">Aika: 7.2.2023 klo 17:00 &#8211;<br \/>\nPaikka: Scandic Grand Marina hotelli, kokoustila <span data-sheets-value=\"{\" data-sheets-userformat=\"{\">Selim<\/span><\/p>\n<p style=\"text-align: left;\">Ohjelma<\/p>\n<ul>\n<li class=\"moz-quote-pre\">Ajankohtaiset asiat<\/li>\n<li class=\"moz-quote-pre\">Kemikaalihallinnan benchmark; kysely<\/li>\n<li class=\"moz-quote-pre\">Hyvinvointialueet, sotemuutos; ymp\u00e4rist\u00f6asiat, tiedonvaihtoa jaoksessa<\/li>\n<li class=\"moz-quote-pre\">Kev\u00e4\u00e4n ja syksyn tilaisuuksien suunnittelu<\/li>\n<li class=\"moz-quote-pre\">Teamsin hy\u00f6dynt\u00e4minen jaostoiminnassa<\/li>\n<\/ul>\n<\/th>\n<\/tr>\n<\/thead>\n<\/table>\n<\/div>\n\n<div class=\"table-1\">\n<table style=\"width: 100%; height: 80px;\" width=\"100%\">\n<thead>\n<tr style=\"height: 80px;\">\n<th style=\"height: 80px;\" align=\"left\">\n<p style=\"text-align: left;\"><strong>Sis\u00e4ilmajaos<br \/>\n<\/strong><\/p>\n<p style=\"text-align: left;\">Aika: 7.2.2023 klo 17.00 &#8211;<br \/>\nPaikka: Scandic Grand Marina hotelli, kokoustila <span data-sheets-value=\"{\" data-sheets-userformat=\"{\">Lars<\/span><\/p>\n<p style=\"text-align: left;\">Ohjelma<\/p>\n<p><strong>Homep\u00f6lysiivous<\/strong><\/p>\n<ul>\n<li>TTL uusi ohje<\/li>\n<li>Eri paikkojen ohjeistukset<\/li>\n<\/ul>\n<p><strong>Altistumisolosuhdearvio olosuhdearvioksi<\/strong><\/p>\n<ul>\n<li>Vaikutus tutkimusten tilaamiseen<\/li>\n<li>Vaikutus tilojen k\u00e4yt\u00f6n m\u00e4\u00e4ritt\u00e4miseen<\/li>\n<\/ul>\n<p><strong>Sis\u00e4ilmastoasiat vuokrakohteissa<\/strong><\/p>\n<ul>\n<li>Olemassa olevia ohjeita kohteista<\/li>\n<\/ul>\n<p><strong>S\u00e4hk\u00f6iset j\u00e4rjestelm\u00e4t, jotka k\u00e4yt\u00f6ss\u00e4 sis\u00e4ilma-asioissa<\/strong><\/p>\n<ul>\n<li>Mit\u00e4 vaihtoehtoja on olemassa<\/li>\n<\/ul>\n<\/th>\n<\/tr>\n<\/thead>\n<\/table>\n<\/div>\n<\/div><\/div><\/div><\/div><\/p>\n","protected":false},"excerpt":{"rendered":"","protected":false},"author":2,"featured_media":0,"parent":0,"menu_order":0,"comment_status":"closed","ping_status":"closed","template":"","meta":{"footnotes":""},"class_list":["post-706","page","type-page","status-publish","hentry"],"_links":{"self":[{"href":"https:\/\/ssty.fi\/sairaalatekniikan-paivat\/wp-json\/wp\/v2\/pages\/706","targetHints":{"allow":["GET"]}}],"collection":[{"href":"https:\/\/ssty.fi\/sairaalatekniikan-paivat\/wp-json\/wp\/v2\/pages"}],"about":[{"href":"https:\/\/ssty.fi\/sairaalatekniikan-paivat\/wp-json\/wp\/v2\/types\/page"}],"author":[{"embeddable":true,"href":"https:\/\/ssty.fi\/sairaalatekniikan-paivat\/wp-json\/wp\/v2\/users\/2"}],"replies":[{"embeddable":true,"href":"https:\/\/ssty.fi\/sairaalatekniikan-paivat\/wp-json\/wp\/v2\/comments?post=706"}],"version-history":[{"count":13,"href":"https:\/\/ssty.fi\/sairaalatekniikan-paivat\/wp-json\/wp\/v2\/pages\/706\/revisions"}],"predecessor-version":[{"id":852,"href":"https:\/\/ssty.fi\/sairaalatekniikan-paivat\/wp-json\/wp\/v2\/pages\/706\/revisions\/852"}],"wp:attachment":[{"href":"https:\/\/ssty.fi\/sairaalatekniikan-paivat\/wp-json\/wp\/v2\/media?parent=706"}],"curies":[{"name":"wp","href":"https:\/\/api.w.org\/{rel}","templated":true}]}}