{"id":1468,"date":"2026-04-16T09:58:36","date_gmt":"2026-04-16T06:58:36","guid":{"rendered":"https:\/\/ssty.fi\/sairaalatekniikan-paivat\/?page_id=1468"},"modified":"2026-05-07T12:58:09","modified_gmt":"2026-05-07T09:58:09","slug":"jaoskokoukset-2026","status":"publish","type":"page","link":"https:\/\/ssty.fi\/sairaalatekniikan-paivat\/jaoskokoukset-2026\/","title":{"rendered":"Jaoskokoukset 2026"},"content":{"rendered":"<div class=\"fusion-fullwidth fullwidth-box fusion-builder-row-1 fusion-flex-container has-pattern-background has-mask-background nonhundred-percent-fullwidth non-hundred-percent-height-scrolling\" style=\"--awb-border-radius-top-left:0px;--awb-border-radius-top-right:0px;--awb-border-radius-bottom-right:0px;--awb-border-radius-bottom-left:0px;--awb-flex-wrap:wrap;\" ><div class=\"fusion-builder-row fusion-row fusion-flex-align-items-flex-start fusion-flex-content-wrap\" style=\"max-width:1248px;margin-left: calc(-4% \/ 2 );margin-right: calc(-4% \/ 2 );\"><div class=\"fusion-layout-column fusion_builder_column fusion-builder-column-0 fusion_builder_column_1_1 1_1 fusion-flex-column\" style=\"--awb-bg-size:cover;--awb-width-large:100%;--awb-margin-top-large:0px;--awb-spacing-right-large:1.92%;--awb-margin-bottom-large:20px;--awb-spacing-left-large:1.92%;--awb-width-medium:100%;--awb-order-medium:0;--awb-spacing-right-medium:1.92%;--awb-spacing-left-medium:1.92%;--awb-width-small:100%;--awb-order-small:0;--awb-spacing-right-small:1.92%;--awb-spacing-left-small:1.92%;\"><div class=\"fusion-column-wrapper fusion-column-has-shadow fusion-flex-justify-content-flex-start fusion-content-layout-column\"><div class=\"fusion-title title fusion-title-1 fusion-sep-none fusion-title-text fusion-title-size-one\" style=\"--awb-margin-top-small:10px;--awb-margin-right-small:0px;--awb-margin-bottom-small:10px;--awb-margin-left-small:0px;--awb-font-size:30PX;\"><h1 class=\"fusion-title-heading title-heading-left fusion-responsive-typography-calculated\" style=\"margin:0;font-size:1em;--fontSize:14;--minFontSize:14;line-height:1.16;\">Jaoskokoukset tiistaina 26.5.2026<\/h1><\/div><div class=\"fusion-text fusion-text-1\"><p><strong><br \/>\nPaikka:<\/strong>\u00a0Radisson Blu Hotel Oulu, Hallituskatu 1, 90100 OULU<\/p>\n<p>Tietoja jaoskokouksista l\u00f6ytyy alta.<\/p>\n<\/div><div class=\"fusion-content-boxes content-boxes columns row fusion-columns-1 fusion-columns-total-6 fusion-content-boxes-1 content-boxes-icon-with-title content-left jaos\" style=\"--awb-backgroundcolor:var(--awb-color1);--awb-body-color:var(--awb-custom14);--awb-title-color:var(--awb-color7);--awb-iconcolor-hover:var(--awb-color6);--awb-hover-accent-color:var(--awb-color6);--awb-circle-hover-accent-color:transparent;--awb-item-margin-bottom:40px;\" data-animationOffset=\"top-into-view\"><div style=\"--awb-backgroundcolor:var(--awb-color1);--awb-iconcolor-hover:var(--awb-color6);\" class=\"fusion-column content-box-column content-box-column content-box-column-1 col-lg-12 col-md-12 col-sm-12 fusion-content-box-hover content-box-column-last-in-row\"><div class=\"col content-box-wrapper content-wrapper-background link-area-link-icon content-icon-wrapper-yes icon-hover-animation-fade\" data-animationOffset=\"top-into-view\"><div class=\"heading icon-left\"><h2 class=\"content-box-heading fusion-responsive-typography-calculated\" style=\"--h2_typography-font-size:24px;--fontSize:24;line-height:1.2;\">S\u00e4hk\u00f6jaos<\/h2><\/div><div class=\"fusion-clearfix\"><\/div><div class=\"content-container\">\n<p><strong>S\u00e4hk\u00f6jaos kokoontuu klo 16.30 &#8211; 18.00.<\/strong><\/p>\n<p><strong>OHJELMA<\/strong><\/p>\n<p class=\"p2\"><b>16.30 &#8211; kahvi ja ilmoittautuminen <\/b><\/p>\n<p class=\"p2\"><b>17:00 \u2013 17:15 Tilaisuuden avaus ja ajankohtaiset asiat<br \/>\n<\/b>L\u00e4\u00e4kint\u00e4laitteiden ja l\u00e4\u00e4kinn\u00e4llisten laitteiden kotik\u00e4ytt\u00f6 -opas<br \/>\nJarno Virolainen, s\u00e4hk\u00f6jaoksen pj.<\/p>\n<p class=\"p2\"><b>17:15 \u2013 17:35 Toiminnan varmistamisen investoinnit osana verkon tasapainottamishaastetta<br \/>\n<\/b>Jussi Kankaisto, Schneider Electric<\/p>\n<p class=\"p2\"><b>17:40 \u2013 18:00 Asiakasl\u00e4ht\u00f6inen tuotekehitys sairaalahankkeissa<br \/>\n<\/b>Jarno Puska, JIS Automation Oy<\/p>\n<p class=\"p2\"><div ><a class=\"fusion-button button-flat fusion-button-default-size button-default fusion-button-default button-1 fusion-button-default-span fusion-button-default-type\" target=\"_self\" href=\"https:\/\/ssty.fi\/sairaalatekniikan-paivat\/files\/2026\/04\/SSTY-Sahkojaos-26.5.2026-ohjelma.pdf\"><span class=\"fusion-button-text awb-button__text awb-button__text--default\">LATAA OHJELMA<\/span><\/a><\/div>\n<\/div><\/div><\/div><div style=\"--awb-backgroundcolor:var(--awb-color1);--awb-iconcolor-hover:var(--awb-color6);\" class=\"fusion-column content-box-column content-box-column content-box-column-2 col-lg-12 col-md-12 col-sm-12 fusion-content-box-hover content-box-column-last-in-row\"><div class=\"col content-box-wrapper content-wrapper-background link-area-link-icon content-icon-wrapper-yes icon-hover-animation-fade\" data-animationOffset=\"top-into-view\"><div class=\"heading icon-left\"><h2 class=\"content-box-heading fusion-responsive-typography-calculated\" style=\"--h2_typography-font-size:24px;--fontSize:24;line-height:1.2;\">Sis\u00e4ilmajaos<\/h2><\/div><div class=\"fusion-clearfix\"><\/div><div class=\"content-container\">\n<strong>Sis\u00e4ilmajaos kokoontuu klo 16.15 &#8211; 18.00.<\/strong><\/p>\n<p><strong>OHJELMA<\/strong><\/p>\n<ol>\n<li><strong>Ajankohtaiset asiat.<\/strong><\/li>\n<li><strong>Sis\u00e4ilmakoulutusmateriaalin esittely.<\/strong><\/li>\n<li><strong>Schneiderin Electric asiantuntijan puheenvuoro.<\/strong><br \/>\n&#8221;Olosuhteiden hallinta datan avulla \u2013 miten optimoida olosuhteiden hallinta potilasturvallisuuden ja operatiivisen tehokkuuden n\u00e4k\u00f6kulmasta\u201d.<\/li>\n<li><strong>Sis\u00e4ilmajaosvet\u00e4j\u00e4n varahenkil\u00f6n valinta ja muut asiat.<\/strong><\/li>\n<\/ol>\n<\/div><\/div><\/div><div style=\"--awb-backgroundcolor:var(--awb-color1);--awb-iconcolor-hover:var(--awb-color6);\" class=\"fusion-column content-box-column content-box-column content-box-column-3 col-lg-12 col-md-12 col-sm-12 fusion-content-box-hover content-box-column-last-in-row\"><div class=\"col content-box-wrapper content-wrapper-background link-area-link-icon content-icon-wrapper-yes icon-hover-animation-fade\" data-animationOffset=\"top-into-view\"><div class=\"heading icon-left\"><h2 class=\"content-box-heading fusion-responsive-typography-calculated\" style=\"--h2_typography-font-size:24px;--fontSize:24;line-height:1.2;\">Ymp\u00e4rist\u00f6jaos<\/h2><\/div><div class=\"fusion-clearfix\"><\/div><div class=\"content-container\">\n<p><strong>Ymp\u00e4rist\u00f6jaos kokoontuu klo 16.15 &#8211; 18.00.<\/strong><\/p>\n<\/div><\/div><\/div><div style=\"--awb-backgroundcolor:var(--awb-color1);--awb-iconcolor-hover:var(--awb-color6);\" class=\"fusion-column content-box-column content-box-column content-box-column-4 col-lg-12 col-md-12 col-sm-12 fusion-content-box-hover content-box-column-last-in-row\"><div class=\"col content-box-wrapper content-wrapper-background link-area-link-icon content-icon-wrapper-yes icon-hover-animation-fade\" data-animationOffset=\"top-into-view\"><div class=\"heading icon-left\"><h2 class=\"content-box-heading fusion-responsive-typography-calculated\" style=\"--h2_typography-font-size:24px;--fontSize:24;line-height:1.2;\">Turvallisuus- ja valmiusjaos<\/h2><\/div><div class=\"fusion-clearfix\"><\/div><div class=\"content-container\">\n<p><strong>Turvallisuus- ja valmiusjaos kokoontuu klo 16.15 &#8211; 18.00.<\/strong><\/p>\n<\/div><\/div><\/div><div style=\"--awb-backgroundcolor:var(--awb-color1);--awb-iconcolor-hover:var(--awb-color6);\" class=\"fusion-column content-box-column content-box-column content-box-column-5 col-lg-12 col-md-12 col-sm-12 fusion-content-box-hover content-box-column-last-in-row\"><div class=\"col content-box-wrapper content-wrapper-background link-area-link-icon content-icon-wrapper-yes icon-hover-animation-fade\" data-animationOffset=\"top-into-view\"><div class=\"heading icon-left\"><h2 class=\"content-box-heading fusion-responsive-typography-calculated\" style=\"--h2_typography-font-size:24px;--fontSize:24;line-height:1.2;\">Toiminnallinen suunnittelujaos<\/h2><\/div><div class=\"fusion-clearfix\"><\/div><div class=\"content-container\">\n<p><strong>Toiminnallinen suunnittelujaos kokoontuu klo 16.30 &#8211; 18.00.<\/strong><\/p>\n<p><strong>Ohjelma<\/strong><\/p>\n<ol>\n<li><strong><strong>Millaisilla tilaratkaisuilla sairaaloissa ja hoivayksik\u00f6iss\u00e4 voidaan vaikuttaa ik\u00e4ihmisten ja muistisairaiden hyvinvointiin?<br \/>\n<\/strong><\/strong>Alustus ja keskustelu<\/li>\n<\/ol>\n<ul>\n<li>Terveystieteiden tohtori, sairaanhoitaja, projektitutkija Noora Narsakka kertoo aiheesta tutkimustiedon valossa<\/li>\n<li>Suunnitteluasiantuntijoiden kokemukset<\/li>\n<\/ul>\n<ol start=\"2\">\n<li><strong>Esitt\u00e4ytymiskierros<\/strong><\/li>\n<\/ol>\n<ol start=\"3\">\n<li><strong>Tilakonseptien ja K\u00e4ytt\u00f6\u00f6noton j\u00e4lkeisen arvioinnin (POE) edistyminen Maakuntien Tilakeskuksessa<\/strong><\/li>\n<\/ol>\n<ul>\n<li>Senja Karjalainen kertoo ajankohtaiset kuulumiset<\/li>\n<\/ul>\n<ol start=\"4\">\n<li><strong>Syksyn tapaamisten aiheet\/ehdotuksia<\/strong><\/li>\n<\/ol>\n<ul>\n<li>Kuukausitapaamiset ajankohtaisesta aiheesta<\/li>\n<li>Syksyn tutustumiskohde<\/li>\n<li>11\/2025Jaoskokous<\/li>\n<\/ul>\n<ol start=\"5\">\n<li><strong>Muut asiat<\/strong><\/li>\n<\/ol>\n<p><strong>\u00a0<\/strong><\/p>\n<\/div><\/div><\/div><div style=\"--awb-backgroundcolor:var(--awb-color1);--awb-iconcolor-hover:var(--awb-color6);\" class=\"fusion-column content-box-column content-box-column content-box-column-6 col-lg-12 col-md-12 col-sm-12 fusion-content-box-hover content-box-column-last content-box-column-last-in-row\"><div class=\"col content-box-wrapper content-wrapper-background link-area-link-icon content-icon-wrapper-yes icon-hover-animation-fade\" data-animationOffset=\"top-into-view\"><div class=\"heading icon-left\"><h2 class=\"content-box-heading fusion-responsive-typography-calculated\" style=\"--h2_typography-font-size:24px;--fontSize:24;line-height:1.2;\">Kiinteist\u00f6jaos<\/h2><\/div><div class=\"fusion-clearfix\"><\/div><div class=\"content-container\">\n<p><strong>Kiinteist\u00f6jaos kokoontuu klo 16.15 &#8211; 18.00.<\/strong><\/p>\n<p><strong>Ohjelma<\/strong><\/p>\n<ul>\n<li class=\"p1\"><span class=\"s1\">16.15 \u2013 16.30 Jaoskokouksen avaus ja kahvit, Titta <\/span><\/li>\n<li class=\"p1\"><span class=\"s1\">16.30 \u2013 17.00 Vuoden 2025 toimintakertomus ja 2026 toimintasuunnitelma ja muut ajankohtaiset asiat, Titta <\/span><\/li>\n<li class=\"p1\"><span class=\"s1\">17.00 \u2013 17.45 Teknologian siiloutumisen haaste ja teknologiaalustojen mahdollisuudet tuoda tietoa yhteen p\u00e4ivitt\u00e4isin ty\u00f6skentelyn helpottamiseksi, Kalle Koivuniemi \/ Schneider Electric <\/span><\/li>\n<li class=\"p1\"><span class=\"s1\">17.45 \u2013 18.00 HVA:n asukasvuokrauksen toteutus eri alueilla, Titta \/ Lissu <\/span><\/li>\n<li class=\"p1\"><span class=\"s1\">18.00 Jaoskokouksen p\u00e4\u00e4t\u00f6s, Titta<\/span><\/li>\n<\/ul>\n<\/div><\/div><\/div><div class=\"fusion-clearfix\"><\/div><\/div><\/div><\/div><\/div><\/div>\n","protected":false},"excerpt":{"rendered":"","protected":false},"author":2,"featured_media":0,"parent":0,"menu_order":0,"comment_status":"closed","ping_status":"closed","template":"","meta":{"footnotes":""},"class_list":["post-1468","page","type-page","status-publish","hentry"],"_links":{"self":[{"href":"https:\/\/ssty.fi\/sairaalatekniikan-paivat\/wp-json\/wp\/v2\/pages\/1468","targetHints":{"allow":["GET"]}}],"collection":[{"href":"https:\/\/ssty.fi\/sairaalatekniikan-paivat\/wp-json\/wp\/v2\/pages"}],"about":[{"href":"https:\/\/ssty.fi\/sairaalatekniikan-paivat\/wp-json\/wp\/v2\/types\/page"}],"author":[{"embeddable":true,"href":"https:\/\/ssty.fi\/sairaalatekniikan-paivat\/wp-json\/wp\/v2\/users\/2"}],"replies":[{"embeddable":true,"href":"https:\/\/ssty.fi\/sairaalatekniikan-paivat\/wp-json\/wp\/v2\/comments?post=1468"}],"version-history":[{"count":19,"href":"https:\/\/ssty.fi\/sairaalatekniikan-paivat\/wp-json\/wp\/v2\/pages\/1468\/revisions"}],"predecessor-version":[{"id":1504,"href":"https:\/\/ssty.fi\/sairaalatekniikan-paivat\/wp-json\/wp\/v2\/pages\/1468\/revisions\/1504"}],"wp:attachment":[{"href":"https:\/\/ssty.fi\/sairaalatekniikan-paivat\/wp-json\/wp\/v2\/media?parent=1468"}],"curies":[{"name":"wp","href":"https:\/\/api.w.org\/{rel}","templated":true}]}}