{"id":517,"date":"2023-11-03T13:20:02","date_gmt":"2023-11-03T11:20:02","guid":{"rendered":"https:\/\/ssty.fi\/sahkojaos\/?page_id=517"},"modified":"2023-11-03T13:20:02","modified_gmt":"2023-11-03T11:20:02","slug":"sahkojaoksen-ajankohtaispaiva-26-10-2023-luentomateriaalit","status":"publish","type":"page","link":"https:\/\/ssty.fi\/sahkojaos\/sahkojaoksen-ajankohtaispaiva-26-10-2023-luentomateriaalit\/","title":{"rendered":"S\u00e4hk\u00f6jaoksen ajankohtaisp\u00e4iv\u00e4 26.10.2023 &#8211; Luentomateriaalit"},"content":{"rendered":"<div class=\"fusion-fullwidth fullwidth-box fusion-builder-row-1 fusion-flex-container has-pattern-background has-mask-background nonhundred-percent-fullwidth non-hundred-percent-height-scrolling\" style=\"--awb-border-radius-top-left:0px;--awb-border-radius-top-right:0px;--awb-border-radius-bottom-right:0px;--awb-border-radius-bottom-left:0px;--awb-flex-wrap:wrap;\" ><div class=\"fusion-builder-row fusion-row fusion-flex-align-items-flex-start fusion-flex-content-wrap\" style=\"max-width:1216.8px;margin-left: calc(-4% \/ 2 );margin-right: calc(-4% \/ 2 );\"><div class=\"fusion-layout-column fusion_builder_column fusion-builder-column-0 fusion_builder_column_1_1 1_1 fusion-flex-column\" style=\"--awb-bg-size:cover;--awb-width-large:100%;--awb-margin-top-large:0px;--awb-spacing-right-large:1.92%;--awb-margin-bottom-large:20px;--awb-spacing-left-large:1.92%;--awb-width-medium:100%;--awb-order-medium:0;--awb-spacing-right-medium:1.92%;--awb-spacing-left-medium:1.92%;--awb-width-small:100%;--awb-order-small:0;--awb-spacing-right-small:1.92%;--awb-spacing-left-small:1.92%;\"><div class=\"fusion-column-wrapper fusion-column-has-shadow fusion-flex-justify-content-flex-start fusion-content-layout-column\"><div class=\"fusion-text fusion-text-1\"><p>S\u00e4hk\u00f6jaoksen syksyn 2023 ajankohtaisp\u00e4iv\u00e4 suuntautui 26.10. Varkauteen. Tilaisuuden luentomateriaaleja l\u00f6yd\u00e4t alta.<\/p>\n<\/div><ul style=\"--awb-size:16px;--awb-iconcolor:#213d65;--awb-line-height:27.2px;--awb-icon-width:27.2px;--awb-icon-height:27.2px;--awb-icon-margin:11.2px;--awb-content-margin:38.4px;\" class=\"fusion-checklist fusion-checklist-1 fusion-checklist-default type-icons\"><li class=\"fusion-li-item\" style=\"\"><span class=\"icon-wrapper circle-no\"><i class=\"fusion-li-icon fa-file-pdf fas\" aria-hidden=\"true\"><\/i><\/span><div class=\"fusion-li-item-content\"><a href=\"https:\/\/ssty.fi\/sahkojaos\/files\/2023\/11\/20231026_SSTY_Varkaus_Lujatalo_ERVI.pdf\"><strong><span style=\"color: #213d65;\">S\u00e4hk\u00f6j\u00e4rjestelmien hankinta ja yll\u00e4pito elinkaarihankkeessa<\/span><br \/>\n<\/strong><em>Erkki Viitanen, Luja-talo<\/em><\/a><\/div><\/li><li class=\"fusion-li-item\" style=\"\"><span class=\"icon-wrapper circle-no\"><i class=\"fusion-li-icon fa-file-pdf fas\" aria-hidden=\"true\"><\/i><\/span><div class=\"fusion-li-item-content\">\n<p><a href=\"https:\/\/ssty.fi\/sahkojaos\/files\/2023\/11\/AaltoHyvinvointikeskusVarkaus26102023SSTY.pdf\"><b><span style=\"color: #213d65;\">Kokemukset projektista, tilaajapuolen n\u00e4kemys<\/span><br \/>\n<\/b>Jukka Koskinen, Varkauden hv-alue<\/a><\/p>\n<\/div><\/li><\/ul><\/div><\/div><\/div><\/div>\n","protected":false},"excerpt":{"rendered":"","protected":false},"author":2,"featured_media":0,"parent":0,"menu_order":0,"comment_status":"closed","ping_status":"closed","template":"","meta":{"footnotes":""},"class_list":["post-517","page","type-page","status-publish","hentry"],"_links":{"self":[{"href":"https:\/\/ssty.fi\/sahkojaos\/wp-json\/wp\/v2\/pages\/517","targetHints":{"allow":["GET"]}}],"collection":[{"href":"https:\/\/ssty.fi\/sahkojaos\/wp-json\/wp\/v2\/pages"}],"about":[{"href":"https:\/\/ssty.fi\/sahkojaos\/wp-json\/wp\/v2\/types\/page"}],"author":[{"embeddable":true,"href":"https:\/\/ssty.fi\/sahkojaos\/wp-json\/wp\/v2\/users\/2"}],"replies":[{"embeddable":true,"href":"https:\/\/ssty.fi\/sahkojaos\/wp-json\/wp\/v2\/comments?post=517"}],"version-history":[{"count":2,"href":"https:\/\/ssty.fi\/sahkojaos\/wp-json\/wp\/v2\/pages\/517\/revisions"}],"predecessor-version":[{"id":520,"href":"https:\/\/ssty.fi\/sahkojaos\/wp-json\/wp\/v2\/pages\/517\/revisions\/520"}],"wp:attachment":[{"href":"https:\/\/ssty.fi\/sahkojaos\/wp-json\/wp\/v2\/media?parent=517"}],"curies":[{"name":"wp","href":"https:\/\/api.w.org\/{rel}","templated":true}]}}