{"id":5,"date":"2014-08-22T13:57:52","date_gmt":"2014-08-22T11:57:52","guid":{"rendered":"https:\/\/ssty.fi\/sahkojaos\/?page_id=5"},"modified":"2024-06-03T12:00:05","modified_gmt":"2024-06-03T10:00:05","slug":"sairaala-sykkii-sahkon-tahdissa","status":"publish","type":"page","link":"https:\/\/ssty.fi\/sahkojaos\/","title":{"rendered":"S\u00e4hk\u00f6jaos"},"content":{"rendered":"<p><div class=\"fusion-fullwidth fullwidth-box fusion-builder-row-1 nonhundred-percent-fullwidth non-hundred-percent-height-scrolling\" style=\"--awb-border-radius-top-left:0px;--awb-border-radius-top-right:0px;--awb-border-radius-bottom-right:0px;--awb-border-radius-bottom-left:0px;--awb-flex-wrap:wrap;\" ><div class=\"fusion-builder-row fusion-row\"><div class=\"fusion-layout-column fusion_builder_column fusion-builder-column-0 fusion_builder_column_1_1 1_1 fusion-one-full fusion-column-first fusion-column-last\" style=\"--awb-bg-size:cover;\"><div class=\"fusion-column-wrapper fusion-column-has-shadow fusion-flex-column-wrapper-legacy\"><div class=\"fusion-text fusion-text-1\"><h3 style=\"text-align: center;\">Sairaala sykkii s\u00e4hk\u00f6n tahdissa<\/h3>\n<\/div><div class=\"fusion-clearfix\"><\/div><\/div><\/div><div class=\"fusion-layout-column fusion_builder_column fusion-builder-column-1 fusion_builder_column_1_2 1_2 fusion-one-half fusion-column-first\" style=\"--awb-bg-size:cover;width:50%;width:calc(50% - ( ( 4% ) * 0.5 ) );margin-right: 4%;\"><div class=\"fusion-column-wrapper fusion-column-has-shadow fusion-flex-column-wrapper-legacy\"><div class=\"fusion-text fusion-text-2\"><p class=\"v1MsoNormal\">S\u00e4hk\u00f6verkon luotettava toiminta on elint\u00e4rke\u00e4 asia sairaaloissa ja l\u00e4\u00e4kint\u00e4laitteita k\u00e4ytett\u00e4ess\u00e4. S\u00e4hk\u00f6verkot ja varavoimaj\u00e4rjestelyt on toteutettava standardien mukaisesti, jotta ihmisten turvallisuudelle t\u00e4rkeiden laitteiden toimintaa ei vaaranneta.<\/p>\n<p class=\"v1MsoNormal\">T\u00e4rke\u00e4 osa sairaaloiden ja hyvinvointialueiden s\u00e4hk\u00f6njakelun turvaamista ovat s\u00e4hk\u00f6turvallisuusm\u00e4\u00e4r\u00e4yksiin perustuvat s\u00e4hk\u00f6laitteiston hoito- ja kunnossapito-ohjelman mukaiset ennakkohuoltoteht\u00e4v\u00e4t sek\u00e4 erilaiset mittaukset, joilla varmistetaan s\u00e4hk\u00f6verkon ja varavoiman toimintavarmuus.<\/p>\n<p class=\"v1MsoNormal\">S\u00e4hk\u00f6jaos on uusin Suomen sairaalatekniikkayhdistyksen jaostoista. Jaos perustettiin kev\u00e4\u00e4ll\u00e4 2014 ja S\u00e4hk\u00f6jaos piti ensimm\u00e4isen koulutusp\u00e4iv\u00e4ns\u00e4 7.5.2014 Helsingiss\u00e4. S\u00e4hk\u00f6jaoksen teht\u00e4v\u00e4n\u00e4 on muiden jaoksien tapaan keskin\u00e4inen tiedonvaihto ja sairaalaymp\u00e4rist\u00f6\u00f6n liittyvien j\u00e4rjestelmien kehitys- ja tutkimuskohteiden kartoittaminen ja uusien tutkimushankkeiden valmistelu ja seuranta, sek\u00e4 alan kansainv\u00e4lisen kehityksen seuraaminen ja vaikuttaminen.<\/p>\n<p class=\"v1MsoNormal\">S\u00e4hk\u00f6jaoksen tavoitteena on kokoontua kaksi kertaa vuodessa.<\/p>\n<\/div><div class=\"fusion-clearfix\"><\/div><\/div><\/div><div class=\"fusion-layout-column fusion_builder_column fusion-builder-column-2 fusion_builder_column_1_2 1_2 fusion-one-half fusion-column-last\" style=\"--awb-bg-size:cover;width:50%;width:calc(50% - ( ( 4% ) * 0.5 ) );\"><div class=\"fusion-column-wrapper fusion-column-has-shadow fusion-flex-column-wrapper-legacy\"><div class=\"fusion-image-element in-legacy-container\" style=\"--awb-caption-title-font-family:var(--h2_typography-font-family);--awb-caption-title-font-weight:var(--h2_typography-font-weight);--awb-caption-title-font-style:var(--h2_typography-font-style);--awb-caption-title-size:var(--h2_typography-font-size);--awb-caption-title-transform:var(--h2_typography-text-transform);--awb-caption-title-line-height:var(--h2_typography-line-height);--awb-caption-title-letter-spacing:var(--h2_typography-letter-spacing);\"><span class=\" fusion-imageframe imageframe-none imageframe-1 hover-type-none\"><img decoding=\"async\" width=\"1024\" height=\"683\" title=\"Engineer using laptop computer for maintenance in thermal power\" src=\"https:\/\/ssty.fi\/sahkojaos\/files\/2020\/08\/86171640_l-1024x683.jpg\" alt class=\"img-responsive wp-image-304\" srcset=\"https:\/\/ssty.fi\/sahkojaos\/files\/2020\/08\/86171640_l-200x133.jpg 200w, https:\/\/ssty.fi\/sahkojaos\/files\/2020\/08\/86171640_l-400x267.jpg 400w, https:\/\/ssty.fi\/sahkojaos\/files\/2020\/08\/86171640_l-600x400.jpg 600w, https:\/\/ssty.fi\/sahkojaos\/files\/2020\/08\/86171640_l-800x533.jpg 800w, https:\/\/ssty.fi\/sahkojaos\/files\/2020\/08\/86171640_l-1200x800.jpg 1200w\" sizes=\"(max-width: 1000px) 100vw, 600px\" \/><\/span><\/div><div class=\"fusion-clearfix\"><\/div><\/div><\/div><div class=\"fusion-layout-column fusion_builder_column fusion-builder-column-3 fusion_builder_column_1_1 1_1 fusion-one-full fusion-column-first fusion-column-last\" style=\"--awb-bg-size:cover;\"><div class=\"fusion-column-wrapper fusion-column-has-shadow fusion-flex-column-wrapper-legacy\"><div class=\"fusion-sep-clear\"><\/div><div class=\"fusion-separator fusion-full-width-sep\" style=\"margin-left: auto;margin-right: auto;width:100%;\"><div class=\"fusion-separator-border sep-single sep-solid\" style=\"--awb-height:20px;--awb-amount:20px;border-color:#e0dede;border-top-width:1px;\"><\/div><\/div><div class=\"fusion-sep-clear\"><\/div><div class=\"fusion-clearfix\"><\/div><\/div><\/div><\/div><\/div><div class=\"fusion-fullwidth fullwidth-box fusion-builder-row-2 fusion-flex-container nonhundred-percent-fullwidth non-hundred-percent-height-scrolling\" style=\"--awb-border-radius-top-left:0px;--awb-border-radius-top-right:0px;--awb-border-radius-bottom-right:0px;--awb-border-radius-bottom-left:0px;--awb-flex-wrap:wrap;\" ><div class=\"fusion-builder-row fusion-row fusion-flex-align-items-flex-start fusion-flex-content-wrap\" style=\"max-width:1216.8px;margin-left: calc(-4% \/ 2 );margin-right: calc(-4% \/ 2 );\"><div class=\"fusion-layout-column fusion_builder_column fusion-builder-column-4 fusion_builder_column_1_1 1_1 fusion-flex-column\" style=\"--awb-bg-size:cover;--awb-width-large:100%;--awb-margin-top-large:0px;--awb-spacing-right-large:1.92%;--awb-margin-bottom-large:20px;--awb-spacing-left-large:1.92%;--awb-width-medium:100%;--awb-order-medium:0;--awb-spacing-right-medium:1.92%;--awb-spacing-left-medium:1.92%;--awb-width-small:100%;--awb-order-small:0;--awb-spacing-right-small:1.92%;--awb-spacing-left-small:1.92%;\"><div class=\"fusion-column-wrapper fusion-column-has-shadow fusion-flex-justify-content-flex-start fusion-content-layout-column\"><div class=\"fusion-text fusion-text-3\"><h3 style=\"text-align: center;\">Jaoksen vet\u00e4j\u00e4 ja yhteystiedot:<\/h3>\n<\/div><div class=\"fusion-person person fusion-person-center fusion-person-1 fusion-person-icon-bottom\" style=\"--awb-pic-style-color:#2d2d2d;--awb-pic-borderradius:0px;--awb-margin-top:0px;--awb-margin-right:0px;--awb-margin-bottom:0px;--awb-margin-left:0px;--awb-social-box-border-top:0px;--awb-social-box-border-right:0px;--awb-social-box-border-bottom:0px;--awb-social-box-border-left:0px;--awb-social-box-border-color:var(--awb-color3);--awb-social-box-border-color-hover:var(--awb-color4);--awb-social-box-colors-hover:rgba(232,232,232,0.8);--awb-social-icon-boxed-colors:#e8e8e8;--awb-social-icon-colors:#bebdbd;--awb-social-icon-colors-hover:rgba(190,189,189,0.8);\"><div class=\"person-shortcode-image-wrapper\"><div class=\"person-image-container hover-type-none\" style=\"border:0px solid #eeeeee;-webkit-border-radius:0px;-moz-border-radius:0px;border-radius:0px;\"><img decoding=\"async\" class=\"person-img img-responsive wp-image-295\" width=\"200\" height=\"199\" src=\"https:\/\/ssty.fi\/sahkojaos\/files\/2020\/08\/avatar_male-200x199.png\" alt=\" Jarno Virolainen\" srcset=\"https:\/\/ssty.fi\/sahkojaos\/files\/2020\/08\/avatar_male-200x199.png 200w, https:\/\/ssty.fi\/sahkojaos\/files\/2020\/08\/avatar_male-400x398.png 400w, https:\/\/ssty.fi\/sahkojaos\/files\/2020\/08\/avatar_male-600x597.png 600w, https:\/\/ssty.fi\/sahkojaos\/files\/2020\/08\/avatar_male-800x796.png 800w, https:\/\/ssty.fi\/sahkojaos\/files\/2020\/08\/avatar_male-1200x1193.png 1200w\" sizes=\"(max-width: 1024px) 100vw, (max-width: 640px) 100vw, 1200px\" \/><\/div><\/div><div class=\"person-desc\" style=\"background-color:#ffffff;padding:40px;margin-top:0;\"><div class=\"person-author\"><div class=\"person-author-wrapper\"><span class=\"person-name\"> Jarno Virolainen<\/span><span class=\"person-title\"><\/span><\/div><\/div><div class=\"person-content fusion-clearfix\">Pirkanmaan hyvinvointialue<\/div><div class=\"fusion-social-networks\"><div class=\"fusion-social-networks-wrapper\"><a class=\"fusion-social-network-icon fusion-tooltip fusion-mail awb-icon-mail custom\" aria-label=\"fusion-mail\" href=\"mailto:&#106;&#097;&#114;&#110;o&#046;&#118;ir&#111;&#108;&#097;ine&#110;&#064;p&#105;&#114;&#104;a&#046;fi\" target=\"_self\" style=\"color:#bebdbd;font-size:16px;\" data-placement=\"top\" data-title=\"Mail\" title=\"Mail\" data-toggle=\"tooltip\"><\/a><\/div><\/div><\/div><\/div><\/div><\/div><div class=\"fusion-layout-column fusion_builder_column fusion-builder-column-5 fusion_builder_column_1_1 1_1 fusion-flex-column\" style=\"--awb-bg-size:cover;--awb-width-large:100%;--awb-margin-top-large:0px;--awb-spacing-right-large:1.92%;--awb-margin-bottom-large:20px;--awb-spacing-left-large:1.92%;--awb-width-medium:100%;--awb-order-medium:0;--awb-spacing-right-medium:1.92%;--awb-spacing-left-medium:1.92%;--awb-width-small:100%;--awb-order-small:0;--awb-spacing-right-small:1.92%;--awb-spacing-left-small:1.92%;\"><div class=\"fusion-column-wrapper fusion-column-has-shadow fusion-flex-justify-content-flex-start fusion-content-layout-column\"><div class=\"fusion-separator fusion-full-width-sep\" style=\"align-self: center;margin-left: auto;margin-right: auto;width:100%;\"><div class=\"fusion-separator-border sep-single sep-solid\" style=\"--awb-height:20px;--awb-amount:20px;border-color:#e0dede;border-top-width:1px;\"><\/div><\/div><\/div><\/div><\/div><\/div><div class=\"fusion-fullwidth fullwidth-box fusion-builder-row-3 fusion-flex-container nonhundred-percent-fullwidth non-hundred-percent-height-scrolling\" style=\"--awb-border-radius-top-left:0px;--awb-border-radius-top-right:0px;--awb-border-radius-bottom-right:0px;--awb-border-radius-bottom-left:0px;--awb-flex-wrap:wrap;\" ><div class=\"fusion-builder-row fusion-row fusion-flex-align-items-flex-start fusion-flex-content-wrap\" style=\"max-width:1216.8px;margin-left: calc(-4% \/ 2 );margin-right: calc(-4% \/ 2 );\"><div class=\"fusion-layout-column fusion_builder_column fusion-builder-column-6 fusion_builder_column_1_1 1_1 fusion-flex-column\" style=\"--awb-bg-size:cover;--awb-width-large:100%;--awb-margin-top-large:0px;--awb-spacing-right-large:1.92%;--awb-margin-bottom-large:20px;--awb-spacing-left-large:1.92%;--awb-width-medium:100%;--awb-order-medium:0;--awb-spacing-right-medium:1.92%;--awb-spacing-left-medium:1.92%;--awb-width-small:100%;--awb-order-small:0;--awb-spacing-right-small:1.92%;--awb-spacing-left-small:1.92%;\"><div class=\"fusion-column-wrapper fusion-column-has-shadow fusion-flex-justify-content-flex-start fusion-content-layout-column\"><div class=\"fusion-title title fusion-title-1 fusion-sep-none fusion-title-center fusion-title-text fusion-title-size-three\" style=\"--awb-margin-top-small:0px;--awb-margin-right-small:0px;--awb-margin-bottom-small:20px;--awb-margin-left-small:0px;--awb-font-size:30px;\"><h3 class=\"fusion-title-heading title-heading-center fusion-responsive-typography-calculated\" style=\"margin:0;font-size:1em;--fontSize:30;line-height:1.3;\">Jaoksessa juuri nyt<\/h3><\/div><\/div><\/div><\/div><\/div><\/p>\n","protected":false},"excerpt":{"rendered":"","protected":false},"author":2,"featured_media":0,"parent":0,"menu_order":0,"comment_status":"open","ping_status":"open","template":"","meta":{"footnotes":""},"class_list":["post-5","page","type-page","status-publish","hentry"],"_links":{"self":[{"href":"https:\/\/ssty.fi\/sahkojaos\/wp-json\/wp\/v2\/pages\/5","targetHints":{"allow":["GET"]}}],"collection":[{"href":"https:\/\/ssty.fi\/sahkojaos\/wp-json\/wp\/v2\/pages"}],"about":[{"href":"https:\/\/ssty.fi\/sahkojaos\/wp-json\/wp\/v2\/types\/page"}],"author":[{"embeddable":true,"href":"https:\/\/ssty.fi\/sahkojaos\/wp-json\/wp\/v2\/users\/2"}],"replies":[{"embeddable":true,"href":"https:\/\/ssty.fi\/sahkojaos\/wp-json\/wp\/v2\/comments?post=5"}],"version-history":[{"count":20,"href":"https:\/\/ssty.fi\/sahkojaos\/wp-json\/wp\/v2\/pages\/5\/revisions"}],"predecessor-version":[{"id":523,"href":"https:\/\/ssty.fi\/sahkojaos\/wp-json\/wp\/v2\/pages\/5\/revisions\/523"}],"wp:attachment":[{"href":"https:\/\/ssty.fi\/sahkojaos\/wp-json\/wp\/v2\/media?parent=5"}],"curies":[{"name":"wp","href":"https:\/\/api.w.org\/{rel}","templated":true}]}}