{"id":439,"date":"2022-10-11T14:23:22","date_gmt":"2022-10-11T12:23:22","guid":{"rendered":"https:\/\/ssty.fi\/sahkojaos\/?page_id=439"},"modified":"2022-10-26T12:37:27","modified_gmt":"2022-10-26T10:37:27","slug":"sahkojaoksen-tutustumiskaynti-siltasairaalaan-28-09-2022","status":"publish","type":"page","link":"https:\/\/ssty.fi\/sahkojaos\/sahkojaoksen-tutustumiskaynti-siltasairaalaan-28-09-2022\/","title":{"rendered":"S\u00e4hk\u00f6jaoksen tutustumisk\u00e4ynti Siltasairaalaan 28.09.2022"},"content":{"rendered":"<div class=\"fusion-fullwidth fullwidth-box fusion-builder-row-1 fusion-flex-container nonhundred-percent-fullwidth non-hundred-percent-height-scrolling\" style=\"--awb-border-radius-top-left:0px;--awb-border-radius-top-right:0px;--awb-border-radius-bottom-right:0px;--awb-border-radius-bottom-left:0px;--awb-flex-wrap:wrap;\" ><div class=\"fusion-builder-row fusion-row fusion-flex-align-items-flex-start fusion-flex-content-wrap\" style=\"max-width:1216.8px;margin-left: calc(-4% \/ 2 );margin-right: calc(-4% \/ 2 );\"><div class=\"fusion-layout-column fusion_builder_column fusion-builder-column-0 fusion_builder_column_1_1 1_1 fusion-flex-column\" style=\"--awb-bg-size:cover;--awb-width-large:100%;--awb-margin-top-large:0px;--awb-spacing-right-large:1.92%;--awb-margin-bottom-large:20px;--awb-spacing-left-large:1.92%;--awb-width-medium:100%;--awb-order-medium:0;--awb-spacing-right-medium:1.92%;--awb-spacing-left-medium:1.92%;--awb-width-small:100%;--awb-order-small:0;--awb-spacing-right-small:1.92%;--awb-spacing-left-small:1.92%;\"><div class=\"fusion-column-wrapper fusion-column-has-shadow fusion-flex-justify-content-flex-start fusion-content-layout-column\"><div class=\"fusion-text fusion-text-1\" style=\"--awb-text-transform:none;\"><p>S\u00e4hk\u00f6jaos oli tutustumisk\u00e4ynnill\u00e4 Siltasairaalassa 28.9.2022.<\/p>\n<p><span class=\"s1\">Tilaisuuden luentomateriaaleja l\u00f6yd\u00e4t alta.<\/span><\/p>\n<p><div class='w3eden wpdm_package_shortcode'><!-- WPDM Link Template: Default Template -->\n\n<div class=\"link-template-default card mb-2\">\n    <div class=\"card-body\">\n        <div class=\"media\">\n            <div class=\"mr-3 img-48\"><img decoding=\"async\" class=\"wpdm_icon\" alt=\"Icon\" src=\"https:\/\/ssty.fi\/sahkojaos\/wp-content\/plugins\/download-manager\/assets\/file-type-icons\/pdf.svg\" \/><\/div>\n            <div class=\"media-body\">\n                <h3 class=\"package-title\"><a href='https:\/\/ssty.fi\/sahkojaos\/download\/siltasairaala-sahkotekniset-jarjestelmat\/'>Siltasairaala S\u00e4hk\u00f6tekniset j\u00e4rjestelm\u00e4t<\/a><\/h3>\n                <div class=\"text-muted text-small\"><i class=\"fas fa-copy\"><\/i> 1 file(s) <i class=\"fas fa-hdd ml-3\"><\/i> 0.00 KB<\/div>\n            <\/div>\n            <div class=\"ml-3\">\n                <a class='wpdm-download-link download-on-click btn btn-primary '  rel='nofollow' href='#' data-downloadurl=\"https:\/\/ssty.fi\/sahkojaos\/download\/siltasairaala-sahkotekniset-jarjestelmat\/?wpdmdl=444&refresh=69e1644ec96c11776378958\">Download<\/a>\n            <\/div>\n        <\/div>\n    <\/div>\n<\/div>\n\n<\/div>\n<div class='w3eden wpdm_package_shortcode'><!-- WPDM Link Template: Default Template -->\n\n<div class=\"link-template-default card mb-2\">\n    <div class=\"card-body\">\n        <div class=\"media\">\n            <div class=\"mr-3 img-48\"><img decoding=\"async\" class=\"wpdm_icon\" alt=\"Icon\" src=\"https:\/\/ssty.fi\/sahkojaos\/wp-content\/plugins\/download-manager\/assets\/file-type-icons\/pdf.svg\" \/><\/div>\n            <div class=\"media-body\">\n                <h3 class=\"package-title\"><a href='https:\/\/ssty.fi\/sahkojaos\/download\/ssty-siltasairaala-28-9-2022-esitys\/'>SSTY Siltasairaala 28.9.2022 esitys<\/a><\/h3>\n                <div class=\"text-muted text-small\"><i class=\"fas fa-copy\"><\/i> 1 file(s) <i class=\"fas fa-hdd ml-3\"><\/i> 2.36 MB<\/div>\n            <\/div>\n            <div class=\"ml-3\">\n                <a class='wpdm-download-link download-on-click btn btn-primary '  rel='nofollow' href='#' data-downloadurl=\"https:\/\/ssty.fi\/sahkojaos\/download\/ssty-siltasairaala-28-9-2022-esitys\/?wpdmdl=457&refresh=69e1644ecba1c1776378958\">Download<\/a>\n            <\/div>\n        <\/div>\n    <\/div>\n<\/div>\n\n<\/div><\/p>\n<\/div><\/div><\/div><\/div><\/div>\n","protected":false},"excerpt":{"rendered":"","protected":false},"author":2,"featured_media":0,"parent":0,"menu_order":0,"comment_status":"closed","ping_status":"closed","template":"","meta":{"footnotes":""},"class_list":["post-439","page","type-page","status-publish","hentry"],"_links":{"self":[{"href":"https:\/\/ssty.fi\/sahkojaos\/wp-json\/wp\/v2\/pages\/439","targetHints":{"allow":["GET"]}}],"collection":[{"href":"https:\/\/ssty.fi\/sahkojaos\/wp-json\/wp\/v2\/pages"}],"about":[{"href":"https:\/\/ssty.fi\/sahkojaos\/wp-json\/wp\/v2\/types\/page"}],"author":[{"embeddable":true,"href":"https:\/\/ssty.fi\/sahkojaos\/wp-json\/wp\/v2\/users\/2"}],"replies":[{"embeddable":true,"href":"https:\/\/ssty.fi\/sahkojaos\/wp-json\/wp\/v2\/comments?post=439"}],"version-history":[{"count":6,"href":"https:\/\/ssty.fi\/sahkojaos\/wp-json\/wp\/v2\/pages\/439\/revisions"}],"predecessor-version":[{"id":458,"href":"https:\/\/ssty.fi\/sahkojaos\/wp-json\/wp\/v2\/pages\/439\/revisions\/458"}],"wp:attachment":[{"href":"https:\/\/ssty.fi\/sahkojaos\/wp-json\/wp\/v2\/media?parent=439"}],"curies":[{"name":"wp","href":"https:\/\/api.w.org\/{rel}","templated":true}]}}