{"id":12,"date":"2012-09-01T13:36:07","date_gmt":"2012-09-01T11:36:07","guid":{"rendered":"https:\/\/ssty.fi\/lvi-jaos\/?page_id=12"},"modified":"2025-05-30T12:05:14","modified_gmt":"2025-05-30T09:05:14","slug":"lvi-jaos","status":"publish","type":"page","link":"https:\/\/ssty.fi\/lvi-jaos\/","title":{"rendered":"LVI-jaos"},"content":{"rendered":"<p><div class=\"fusion-fullwidth fullwidth-box fusion-builder-row-1 nonhundred-percent-fullwidth non-hundred-percent-height-scrolling\" style=\"--awb-border-radius-top-left:0px;--awb-border-radius-top-right:0px;--awb-border-radius-bottom-right:0px;--awb-border-radius-bottom-left:0px;--awb-flex-wrap:wrap;\" ><div class=\"fusion-builder-row fusion-row\"><div class=\"fusion-layout-column fusion_builder_column fusion-builder-column-0 fusion_builder_column_1_1 1_1 fusion-one-full fusion-column-first fusion-column-last\" style=\"--awb-bg-size:cover;--awb-margin-bottom:0px;\"><div class=\"fusion-column-wrapper fusion-flex-column-wrapper-legacy\"><div class=\"fusion-text fusion-text-1\"><h3 style=\"text-align: center;\">SSTY:n LVI-jaoston toiminta<\/h3>\n<\/div><div class=\"fusion-clearfix\"><\/div><\/div><\/div><div class=\"fusion-layout-column fusion_builder_column fusion-builder-column-1 fusion_builder_column_1_2 1_2 fusion-one-half fusion-column-first\" style=\"--awb-bg-size:cover;width:50%;width:calc(50% - ( ( 4% ) * 0.5 ) );margin-right: 4%;\"><div class=\"fusion-column-wrapper fusion-column-has-shadow fusion-flex-column-wrapper-legacy\"><div class=\"fusion-image-element in-legacy-container\" style=\"--awb-caption-title-font-family:var(--h2_typography-font-family);--awb-caption-title-font-weight:var(--h2_typography-font-weight);--awb-caption-title-font-style:var(--h2_typography-font-style);--awb-caption-title-size:var(--h2_typography-font-size);--awb-caption-title-transform:var(--h2_typography-text-transform);--awb-caption-title-line-height:var(--h2_typography-line-height);--awb-caption-title-letter-spacing:var(--h2_typography-letter-spacing);\"><span class=\" fusion-imageframe imageframe-none imageframe-1 hover-type-none\"><img decoding=\"async\" width=\"745\" height=\"585\" title=\"SSTY-LVI-Jaos-Lastensairaalassa-26092017w\" src=\"https:\/\/ssty.fi\/lvi-jaos\/files\/2012\/09\/SSTY-LVI-Jaos-Lastensairaalassa-26092017w-e1596722206940.jpg\" alt class=\"img-responsive wp-image-168\" srcset=\"https:\/\/ssty.fi\/lvi-jaos\/files\/2012\/09\/SSTY-LVI-Jaos-Lastensairaalassa-26092017w-e1596722206940-200x157.jpg 200w, https:\/\/ssty.fi\/lvi-jaos\/files\/2012\/09\/SSTY-LVI-Jaos-Lastensairaalassa-26092017w-e1596722206940-400x314.jpg 400w, https:\/\/ssty.fi\/lvi-jaos\/files\/2012\/09\/SSTY-LVI-Jaos-Lastensairaalassa-26092017w-e1596722206940-600x471.jpg 600w, https:\/\/ssty.fi\/lvi-jaos\/files\/2012\/09\/SSTY-LVI-Jaos-Lastensairaalassa-26092017w-e1596722206940.jpg 745w\" sizes=\"(max-width: 1000px) 100vw, 600px\" \/><\/span><\/div><div class=\"fusion-clearfix\"><\/div><\/div><\/div><div class=\"fusion-layout-column fusion_builder_column fusion-builder-column-2 fusion_builder_column_1_2 1_2 fusion-one-half fusion-column-last\" style=\"--awb-bg-size:cover;width:50%;width:calc(50% - ( ( 4% ) * 0.5 ) );\"><div class=\"fusion-column-wrapper fusion-column-has-shadow fusion-flex-column-wrapper-legacy\"><div class=\"fusion-text fusion-text-2\"><p>LVI-jaoston toiminnan tavoitteena on keskin\u00e4inen tiedonvaihto ja benchmarkkaus eri sairaaloiden ja muiden toimijoiden v\u00e4lill\u00e4.<\/p>\n<p>Sairaalaymp\u00e4rist\u00f6\u00f6n liittyvien LVI- ja sairaalakaasu- ja muiden vastaavien j\u00e4rjestelmien kehitys- ja tutkimuskohteiden kartoittaminen ja uusien tutkimushankkeiden valmistelu ja seuranta.<\/p>\n<p>Tietopankin kartuttaminen hyvist\u00e4 toimivista ratkaisumalleista, sek\u00e4 tutkimustulosten k\u00e4ytett\u00e4vyyden arviointi.<\/p>\n<p>Alan kansainv\u00e4lisen kehityksen seuraaminen ja vaikuttaminen; mukaan lukien k\u00e4ynniss\u00e4 oleva CEN standardointity\u00f6 sairaaloiden ilmastointij\u00e4rjestelmien osalla.<\/p>\n<p>LVI-jaos kokoontuu kaksi kertaa vuodessa. Vuoden ensimm\u00e4inen kokoontuminen helmikuussa SSTY:n p\u00e4ivien yhteydess\u00e4 ja toisen kerran syykaudella.<\/p>\n<\/div><div class=\"fusion-clearfix\"><\/div><\/div><\/div><div class=\"fusion-layout-column fusion_builder_column fusion-builder-column-3 fusion_builder_column_1_1 1_1 fusion-one-full fusion-column-first fusion-column-last\" style=\"--awb-bg-size:cover;\"><div class=\"fusion-column-wrapper fusion-column-has-shadow fusion-flex-column-wrapper-legacy\"><div class=\"fusion-sep-clear\"><\/div><div class=\"fusion-separator fusion-full-width-sep\" style=\"margin-left: auto;margin-right: auto;width:100%;\"><div class=\"fusion-separator-border sep-single sep-solid\" style=\"--awb-height:20px;--awb-amount:20px;border-color:#e0dede;border-top-width:1px;\"><\/div><\/div><div class=\"fusion-sep-clear\"><\/div><div class=\"fusion-clearfix\"><\/div><\/div><\/div><\/div><\/div><div class=\"fusion-fullwidth fullwidth-box fusion-builder-row-2 fusion-flex-container nonhundred-percent-fullwidth non-hundred-percent-height-scrolling\" style=\"--awb-border-radius-top-left:0px;--awb-border-radius-top-right:0px;--awb-border-radius-bottom-right:0px;--awb-border-radius-bottom-left:0px;--awb-flex-wrap:wrap;\" ><div class=\"fusion-builder-row fusion-row fusion-flex-align-items-flex-start fusion-flex-content-wrap\" style=\"max-width:1216.8px;margin-left: calc(-4% \/ 2 );margin-right: calc(-4% \/ 2 );\"><div class=\"fusion-layout-column fusion_builder_column fusion-builder-column-4 fusion_builder_column_1_1 1_1 fusion-flex-column\" style=\"--awb-bg-size:cover;--awb-width-large:100%;--awb-margin-top-large:0px;--awb-spacing-right-large:1.92%;--awb-margin-bottom-large:20px;--awb-spacing-left-large:1.92%;--awb-width-medium:100%;--awb-order-medium:0;--awb-spacing-right-medium:1.92%;--awb-spacing-left-medium:1.92%;--awb-width-small:100%;--awb-order-small:0;--awb-spacing-right-small:1.92%;--awb-spacing-left-small:1.92%;\"><div class=\"fusion-column-wrapper fusion-column-has-shadow fusion-flex-justify-content-flex-start fusion-content-layout-column\"><div class=\"fusion-text fusion-text-3\" style=\"--awb-text-transform:none;\"><h3 style=\"text-align: center;\">Jaoksen vet\u00e4j\u00e4t ja yhteystiedot<\/h3>\n<\/div><\/div><\/div><div class=\"fusion-layout-column fusion_builder_column fusion-builder-column-5 fusion_builder_column_1_2 1_2 fusion-flex-column\" style=\"--awb-bg-size:cover;--awb-width-large:50%;--awb-margin-top-large:0px;--awb-spacing-right-large:3.84%;--awb-margin-bottom-large:20px;--awb-spacing-left-large:3.84%;--awb-width-medium:100%;--awb-order-medium:0;--awb-spacing-right-medium:1.92%;--awb-spacing-left-medium:1.92%;--awb-width-small:100%;--awb-order-small:0;--awb-spacing-right-small:1.92%;--awb-spacing-left-small:1.92%;\"><div class=\"fusion-column-wrapper fusion-column-has-shadow fusion-flex-justify-content-flex-start fusion-content-layout-column\"><div class=\"fusion-separator fusion-full-width-sep\" style=\"align-self: center;margin-left: auto;margin-right: auto;width:100%;\"><div class=\"fusion-separator-border sep-single sep-solid\" style=\"--awb-height:20px;--awb-amount:20px;border-color:#e0dede;border-top-width:1px;\"><\/div><\/div><div class=\"fusion-person person fusion-person-center fusion-person-1 fusion-person-icon-bottom\" style=\"--awb-pic-style-color:#2d2d2d;--awb-pic-borderradius:0px;--awb-margin-top:0px;--awb-margin-right:0px;--awb-margin-bottom:0px;--awb-margin-left:0px;--awb-social-box-border-top:0px;--awb-social-box-border-right:0px;--awb-social-box-border-bottom:0px;--awb-social-box-border-left:0px;--awb-social-box-border-color:var(--awb-color3);--awb-social-box-border-color-hover:var(--awb-color4);--awb-social-box-colors-hover:rgba(232,232,232,0.8);--awb-social-icon-boxed-colors:#e8e8e8;--awb-social-icon-colors:#bebdbd;--awb-social-icon-colors-hover:rgba(190,189,189,0.8);\"><div class=\"person-shortcode-image-wrapper\"><div class=\"person-image-container hover-type-none\" style=\"border:0px solid #eeeeee;-webkit-border-radius:0px;-moz-border-radius:0px;border-radius:0px;\"><img decoding=\"async\" class=\"person-img img-responsive wp-image-267\" width=\"150\" height=\"150\" src=\"https:\/\/ssty.fi\/lvi-jaos\/files\/2022\/08\/avatar_male-1200x1193-1-150x150.png\" alt=\"Sami Virtanen\" srcset=\"https:\/\/ssty.fi\/lvi-jaos\/files\/2022\/08\/avatar_male-1200x1193-1-200x199.png 200w, https:\/\/ssty.fi\/lvi-jaos\/files\/2022\/08\/avatar_male-1200x1193-1-400x398.png 400w, https:\/\/ssty.fi\/lvi-jaos\/files\/2022\/08\/avatar_male-1200x1193-1-600x597.png 600w, https:\/\/ssty.fi\/lvi-jaos\/files\/2022\/08\/avatar_male-1200x1193-1-800x795.png 800w, https:\/\/ssty.fi\/lvi-jaos\/files\/2022\/08\/avatar_male-1200x1193-1.png 1200w\" sizes=\"(max-width: 1024px) 100vw, (max-width: 640px) 100vw, 600px\" \/><\/div><\/div><div class=\"person-desc\" style=\"background-color:#ffffff;padding:40px;margin-top:0;\"><div class=\"person-author\"><div class=\"person-author-wrapper\"><span class=\"person-name\">Sami Virtanen<\/span><span class=\"person-title\"><\/span><\/div><\/div><div class=\"person-content fusion-clearfix\">LVI-jaoksen puheenjohtaja:<br \/>\nSami Virtanen<br \/>\nPuh: 040 6836607<br \/>\nsami.virtanen@hus.fi<\/div><div class=\"fusion-social-networks\"><div class=\"fusion-social-networks-wrapper\"><a class=\"fusion-social-network-icon fusion-tooltip fusion-mail awb-icon-mail custom\" aria-label=\"fusion-mail\" href=\"mailto:sa&#109;i&#046;&#118;irt&#097;&#110;e&#110;&#064;&#104;&#117;s.fi\" target=\"_self\" style=\"color:#bebdbd;font-size:16px;\" data-placement=\"top\" data-title=\"Mail\" title=\"Mail\" data-toggle=\"tooltip\"><\/a><\/div><\/div><\/div><\/div><\/div><\/div><div class=\"fusion-layout-column fusion_builder_column fusion-builder-column-6 fusion_builder_column_1_2 1_2 fusion-flex-column\" style=\"--awb-bg-size:cover;--awb-width-large:50%;--awb-margin-top-large:0px;--awb-spacing-right-large:3.84%;--awb-margin-bottom-large:20px;--awb-spacing-left-large:3.84%;--awb-width-medium:100%;--awb-order-medium:0;--awb-spacing-right-medium:1.92%;--awb-spacing-left-medium:1.92%;--awb-width-small:100%;--awb-order-small:0;--awb-spacing-right-small:1.92%;--awb-spacing-left-small:1.92%;\"><div class=\"fusion-column-wrapper fusion-column-has-shadow fusion-flex-justify-content-flex-start fusion-content-layout-column\"><div class=\"fusion-separator fusion-full-width-sep\" style=\"align-self: center;margin-left: auto;margin-right: auto;width:100%;\"><div class=\"fusion-separator-border sep-single sep-solid\" style=\"--awb-height:20px;--awb-amount:20px;border-color:#e0dede;border-top-width:1px;\"><\/div><\/div><div class=\"fusion-person person fusion-person-center fusion-person-2 fusion-person-icon-bottom\" style=\"--awb-pic-style-color:#2d2d2d;--awb-pic-borderradius:0px;--awb-margin-top:0px;--awb-margin-right:0px;--awb-margin-bottom:0px;--awb-margin-left:0px;--awb-social-box-border-top:0px;--awb-social-box-border-right:0px;--awb-social-box-border-bottom:0px;--awb-social-box-border-left:0px;--awb-social-box-border-color:var(--awb-color3);--awb-social-box-border-color-hover:var(--awb-color4);--awb-social-box-colors-hover:rgba(232,232,232,0.8);--awb-social-icon-boxed-colors:#e8e8e8;--awb-social-icon-colors:#bebdbd;--awb-social-icon-colors-hover:rgba(190,189,189,0.8);\"><div class=\"person-shortcode-image-wrapper\"><div class=\"person-image-container hover-type-none\" style=\"border:0px solid #eeeeee;-webkit-border-radius:0px;-moz-border-radius:0px;border-radius:0px;\"><img decoding=\"async\" class=\"person-img img-responsive wp-image-219\" width=\"150\" height=\"150\" src=\"https:\/\/ssty.fi\/lvi-jaos\/files\/2020\/08\/avatar_female-150x150.png\" alt=\"Reetta Turtiainen\" srcset=\"https:\/\/ssty.fi\/lvi-jaos\/files\/2020\/08\/avatar_female-200x199.png 200w, https:\/\/ssty.fi\/lvi-jaos\/files\/2020\/08\/avatar_female-400x398.png 400w, https:\/\/ssty.fi\/lvi-jaos\/files\/2020\/08\/avatar_female-600x597.png 600w, https:\/\/ssty.fi\/lvi-jaos\/files\/2020\/08\/avatar_female-800x796.png 800w, https:\/\/ssty.fi\/lvi-jaos\/files\/2020\/08\/avatar_female-1200x1193.png 1200w\" sizes=\"(max-width: 1024px) 100vw, (max-width: 640px) 100vw, 600px\" \/><\/div><\/div><div class=\"person-desc\" style=\"background-color:#ffffff;padding:40px;margin-top:0;\"><div class=\"person-author\"><div class=\"person-author-wrapper\"><span class=\"person-name\">Reetta Turtiainen<\/span><span class=\"person-title\"><\/span><\/div><\/div><div class=\"person-content fusion-clearfix\">LVI-jaoksen varapuheenjohtaja:<br \/>\nReetta Turtiainen<br \/>\nPuh: 0447113693<br \/>\nreetta.turtiainen@pshyvinvointialue.fi<\/div><div class=\"fusion-social-networks\"><div class=\"fusion-social-networks-wrapper\"><a class=\"fusion-social-network-icon fusion-tooltip fusion-mail awb-icon-mail custom\" aria-label=\"fusion-mail\" href=\"mailto:re&#101;tt&#097;&#046;tur&#116;&#105;&#097;&#105;&#110;e&#110;&#064;p&#115;h&#121;v&#105;n&#118;&#111;in&#116;&#105;&#097;l&#117;e.fi\" target=\"_self\" style=\"color:#bebdbd;font-size:16px;\" data-placement=\"top\" data-title=\"Mail\" title=\"Mail\" data-toggle=\"tooltip\"><\/a><\/div><\/div><\/div><\/div><\/div><\/div><\/div><\/div><div class=\"fusion-fullwidth fullwidth-box fusion-builder-row-3 fusion-flex-container nonhundred-percent-fullwidth non-hundred-percent-height-scrolling\" style=\"--awb-border-radius-top-left:0px;--awb-border-radius-top-right:0px;--awb-border-radius-bottom-right:0px;--awb-border-radius-bottom-left:0px;--awb-flex-wrap:wrap;\" ><div class=\"fusion-builder-row fusion-row fusion-flex-align-items-flex-start fusion-flex-content-wrap\" style=\"max-width:1216.8px;margin-left: calc(-4% \/ 2 );margin-right: calc(-4% \/ 2 );\"><div class=\"fusion-layout-column fusion_builder_column fusion-builder-column-7 fusion_builder_column_1_1 1_1 fusion-flex-column\" style=\"--awb-bg-size:cover;--awb-width-large:100%;--awb-margin-top-large:0px;--awb-spacing-right-large:1.92%;--awb-margin-bottom-large:20px;--awb-spacing-left-large:1.92%;--awb-width-medium:100%;--awb-order-medium:0;--awb-spacing-right-medium:1.92%;--awb-spacing-left-medium:1.92%;--awb-width-small:100%;--awb-order-small:0;--awb-spacing-right-small:1.92%;--awb-spacing-left-small:1.92%;\"><div class=\"fusion-column-wrapper fusion-column-has-shadow fusion-flex-justify-content-flex-start fusion-content-layout-column\"><div class=\"fusion-title title fusion-title-1 fusion-sep-none fusion-title-center fusion-title-text fusion-title-size-three\" style=\"--awb-margin-top-small:0px;--awb-margin-right-small:0px;--awb-margin-bottom-small:20px;--awb-margin-left-small:0px;--awb-font-size:30px;\"><h3 class=\"fusion-title-heading title-heading-center fusion-responsive-typography-calculated\" style=\"margin:0;font-size:1em;--fontSize:30;line-height:1.3;\">Jaoksessa juuri nyt<\/h3><\/div><\/div><\/div><\/div><\/div><\/p>\n","protected":false},"excerpt":{"rendered":"","protected":false},"author":19,"featured_media":0,"parent":0,"menu_order":0,"comment_status":"open","ping_status":"open","template":"","meta":{"footnotes":""},"class_list":["post-12","page","type-page","status-publish","hentry"],"_links":{"self":[{"href":"https:\/\/ssty.fi\/lvi-jaos\/wp-json\/wp\/v2\/pages\/12","targetHints":{"allow":["GET"]}}],"collection":[{"href":"https:\/\/ssty.fi\/lvi-jaos\/wp-json\/wp\/v2\/pages"}],"about":[{"href":"https:\/\/ssty.fi\/lvi-jaos\/wp-json\/wp\/v2\/types\/page"}],"author":[{"embeddable":true,"href":"https:\/\/ssty.fi\/lvi-jaos\/wp-json\/wp\/v2\/users\/19"}],"replies":[{"embeddable":true,"href":"https:\/\/ssty.fi\/lvi-jaos\/wp-json\/wp\/v2\/comments?post=12"}],"version-history":[{"count":24,"href":"https:\/\/ssty.fi\/lvi-jaos\/wp-json\/wp\/v2\/pages\/12\/revisions"}],"predecessor-version":[{"id":333,"href":"https:\/\/ssty.fi\/lvi-jaos\/wp-json\/wp\/v2\/pages\/12\/revisions\/333"}],"wp:attachment":[{"href":"https:\/\/ssty.fi\/lvi-jaos\/wp-json\/wp\/v2\/media?parent=12"}],"curies":[{"name":"wp","href":"https:\/\/api.w.org\/{rel}","templated":true}]}}