{"id":4,"date":"2012-09-01T13:05:53","date_gmt":"2012-09-01T11:05:53","guid":{"rendered":"https:\/\/ssty.fi\/kiinteistojaos\/?page_id=4"},"modified":"2023-06-20T13:06:17","modified_gmt":"2023-06-20T10:06:17","slug":"kiinteistojaos","status":"publish","type":"page","link":"https:\/\/ssty.fi\/kiinteistojaos\/","title":{"rendered":"Kiinteist\u00f6jaos"},"content":{"rendered":"<p><div class=\"fusion-fullwidth fullwidth-box fusion-builder-row-1 nonhundred-percent-fullwidth non-hundred-percent-height-scrolling\" style=\"--awb-border-radius-top-left:0px;--awb-border-radius-top-right:0px;--awb-border-radius-bottom-right:0px;--awb-border-radius-bottom-left:0px;--awb-flex-wrap:wrap;\" ><div class=\"fusion-builder-row fusion-row\"><div class=\"fusion-layout-column fusion_builder_column fusion-builder-column-0 fusion_builder_column_1_1 1_1 fusion-one-full fusion-column-first fusion-column-last\" style=\"--awb-bg-size:cover;--awb-margin-bottom:0px;\"><div class=\"fusion-column-wrapper fusion-flex-column-wrapper-legacy\"><div class=\"fusion-text fusion-text-1\"><h3>Kiinteist\u00f6johtaminen on osa sairaaloiden teknisen toimialan aktiviteettia<\/h3>\n<\/div><div class=\"fusion-clearfix\"><\/div><\/div><\/div><div class=\"fusion-layout-column fusion_builder_column fusion-builder-column-1 fusion_builder_column_1_2 1_2 fusion-one-half fusion-column-first\" style=\"--awb-bg-size:cover;width:50%;width:calc(50% - ( ( 4% ) * 0.5 ) );margin-right: 4%;\"><div class=\"fusion-column-wrapper fusion-column-has-shadow fusion-flex-column-wrapper-legacy\"><div class=\"fusion-image-element in-legacy-container\" style=\"--awb-caption-title-font-family:var(--h2_typography-font-family);--awb-caption-title-font-weight:var(--h2_typography-font-weight);--awb-caption-title-font-style:var(--h2_typography-font-style);--awb-caption-title-size:var(--h2_typography-font-size);--awb-caption-title-transform:var(--h2_typography-text-transform);--awb-caption-title-line-height:var(--h2_typography-line-height);--awb-caption-title-letter-spacing:var(--h2_typography-letter-spacing);\"><span class=\" fusion-imageframe imageframe-none imageframe-1 hover-type-none\"><img decoding=\"async\" width=\"700\" height=\"324\" title=\"Kiinteistotekniikka\" src=\"https:\/\/ssty.fi\/kiinteistojaos\/files\/2020\/08\/Kiinteistotekniikka.jpg\" alt class=\"img-responsive wp-image-115\" srcset=\"https:\/\/ssty.fi\/kiinteistojaos\/files\/2020\/08\/Kiinteistotekniikka-200x93.jpg 200w, https:\/\/ssty.fi\/kiinteistojaos\/files\/2020\/08\/Kiinteistotekniikka-400x185.jpg 400w, https:\/\/ssty.fi\/kiinteistojaos\/files\/2020\/08\/Kiinteistotekniikka-600x278.jpg 600w, https:\/\/ssty.fi\/kiinteistojaos\/files\/2020\/08\/Kiinteistotekniikka.jpg 700w\" sizes=\"(max-width: 1000px) 100vw, 600px\" \/><\/span><\/div><div class=\"fusion-clearfix\"><\/div><\/div><\/div><div class=\"fusion-layout-column fusion_builder_column fusion-builder-column-2 fusion_builder_column_1_2 1_2 fusion-one-half fusion-column-last\" style=\"--awb-bg-size:cover;width:50%;width:calc(50% - ( ( 4% ) * 0.5 ) );\"><div class=\"fusion-column-wrapper fusion-column-has-shadow fusion-flex-column-wrapper-legacy\"><div class=\"fusion-text fusion-text-2\"><p>Terveydenhuollon palvelut digitalisoituvat kovaa vauhtia. T\u00e4st\u00e4 huolimatta terveydenhuollon kiinteist\u00f6j\u00e4 tarvitaan edelleen ja sen my\u00f6t\u00e4 tarvitaan my\u00f6s kiinteist\u00f6alan ammattilaisia.<\/p>\n<p>Kiinteist\u00f6jaoksen tavoitteena on jakaa osaamista, tietoa ja hyvi\u00e4 k\u00e4yt\u00e4nteit\u00e4 hyvinvointialueiden asiantuntijoiden v\u00e4lill\u00e4, niin oman jaoksen sis\u00e4ll\u00e4 kuin muidenkin jaosten kesken. T\u00e4rke\u00e4\u00e4 on tunnistaa my\u00f6s kehitt\u00e4misen kohteita, etteiv\u00e4t kaikki tekisi samoja virheit\u00e4. Kiinteist\u00f6jaos pit\u00e4\u00e4 sis\u00e4ll\u00e4\u00e4n koko hyvinvointialueiden kiinteist\u00f6massan elinkaaren hallinnan; kiinteist\u00f6johtamisen, rakennuttamisen, tilahallinnan ja yll\u00e4pidon.<\/p>\n<p>Kiinteist\u00f6jaos j\u00e4rjest\u00e4\u00e4 koulutusta ja keskustelutapahtumia eri aihealeilta sek\u00e4 tutustumisk\u00e4yntej\u00e4 mielenkiintoisiin kohteisiin ja hankkeisiin.<\/p>\n<p>Kiinteist\u00f6jaos seuraa ajankohtaisia asioita niin sote- ja rakennuslains\u00e4\u00e4d\u00e4nn\u00f6n kuin kiinteist\u00f6- ja hankekehityksenkin saralla.<\/p>\n<\/div><div class=\"fusion-clearfix\"><\/div><\/div><\/div><div class=\"fusion-layout-column fusion_builder_column fusion-builder-column-3 fusion_builder_column_1_1 1_1 fusion-one-full fusion-column-first fusion-column-last\" style=\"--awb-bg-size:cover;\"><div class=\"fusion-column-wrapper fusion-column-has-shadow fusion-flex-column-wrapper-legacy\"><div class=\"fusion-sep-clear\"><\/div><div class=\"fusion-separator fusion-full-width-sep\" style=\"margin-left: auto;margin-right: auto;width:100%;\"><div class=\"fusion-separator-border sep-single sep-solid\" style=\"--awb-height:20px;--awb-amount:20px;border-color:#e0dede;border-top-width:1px;\"><\/div><\/div><div class=\"fusion-sep-clear\"><\/div><div class=\"fusion-clearfix\"><\/div><\/div><\/div><\/div><\/div><div class=\"fusion-fullwidth fullwidth-box fusion-builder-row-2 fusion-flex-container nonhundred-percent-fullwidth non-hundred-percent-height-scrolling\" style=\"--awb-border-radius-top-left:0px;--awb-border-radius-top-right:0px;--awb-border-radius-bottom-right:0px;--awb-border-radius-bottom-left:0px;--awb-flex-wrap:wrap;\" ><div class=\"fusion-builder-row fusion-row fusion-flex-align-items-flex-start fusion-flex-content-wrap\" style=\"max-width:1216.8px;margin-left: calc(-4% \/ 2 );margin-right: calc(-4% \/ 2 );\"><div class=\"fusion-layout-column fusion_builder_column fusion-builder-column-4 fusion_builder_column_1_1 1_1 fusion-flex-column\" style=\"--awb-bg-size:cover;--awb-width-large:100%;--awb-margin-top-large:0px;--awb-spacing-right-large:1.92%;--awb-margin-bottom-large:20px;--awb-spacing-left-large:1.92%;--awb-width-medium:100%;--awb-order-medium:0;--awb-spacing-right-medium:1.92%;--awb-spacing-left-medium:1.92%;--awb-width-small:100%;--awb-order-small:0;--awb-spacing-right-small:1.92%;--awb-spacing-left-small:1.92%;\"><div class=\"fusion-column-wrapper fusion-column-has-shadow fusion-flex-justify-content-flex-start fusion-content-layout-column\"><div class=\"fusion-text fusion-text-3\"><h3 style=\"text-align: center;\">Jaoksen vet\u00e4j\u00e4 ja yhteystiedot:<\/h3>\n<\/div><div class=\"fusion-person person fusion-person-center fusion-person-1 fusion-person-icon-bottom\" style=\"--awb-pic-style-color:#2d2d2d;--awb-pic-borderradius:0px;--awb-margin-top:0px;--awb-margin-right:0px;--awb-margin-bottom:0px;--awb-margin-left:0px;--awb-social-box-border-top:0px;--awb-social-box-border-right:0px;--awb-social-box-border-bottom:0px;--awb-social-box-border-left:0px;--awb-social-box-border-color:var(--awb-color3);--awb-social-box-border-color-hover:var(--awb-color4);--awb-social-box-colors-hover:rgba(232,232,232,0.8);--awb-social-icon-boxed-colors:#e8e8e8;--awb-social-icon-colors:#bebdbd;--awb-social-icon-colors-hover:rgba(190,189,189,0.8);\"><div class=\"person-desc\" style=\"background-color:#ffffff;padding:40px;margin-top:0;\"><div class=\"person-author\"><div class=\"person-author-wrapper\"><span class=\"person-name\">Titta Haatainen<\/span><span class=\"person-title\"><\/span><\/div><\/div><div class=\"person-content fusion-clearfix\">titta.haatainen@pshyvinvointialue.fi<\/div><div class=\"fusion-social-networks\"><div class=\"fusion-social-networks-wrapper\"><a class=\"fusion-social-network-icon fusion-tooltip fusion-mail awb-icon-mail custom\" aria-label=\"fusion-mail\" href=\"mailto:ti&#116;t&#097;&#046;&#104;aa&#116;aine&#110;&#064;p&#115;h&#121;&#118;&#105;&#110;&#118;o&#105;nti&#097;l&#117;&#101;&#046;&#102;&#105;\" target=\"_self\" style=\"color:#bebdbd;font-size:16px;\" data-placement=\"top\" data-title=\"Mail\" title=\"Mail\" data-toggle=\"tooltip\"><\/a><\/div><\/div><\/div><\/div><\/div><\/div><div class=\"fusion-layout-column fusion_builder_column fusion-builder-column-5 fusion_builder_column_1_1 1_1 fusion-flex-column\" style=\"--awb-bg-size:cover;--awb-width-large:100%;--awb-margin-top-large:0px;--awb-spacing-right-large:1.92%;--awb-margin-bottom-large:20px;--awb-spacing-left-large:1.92%;--awb-width-medium:100%;--awb-order-medium:0;--awb-spacing-right-medium:1.92%;--awb-spacing-left-medium:1.92%;--awb-width-small:100%;--awb-order-small:0;--awb-spacing-right-small:1.92%;--awb-spacing-left-small:1.92%;\"><div class=\"fusion-column-wrapper fusion-column-has-shadow fusion-flex-justify-content-flex-start fusion-content-layout-column\"><div class=\"fusion-separator fusion-full-width-sep\" style=\"align-self: center;margin-left: auto;margin-right: auto;width:100%;\"><div class=\"fusion-separator-border sep-single sep-solid\" style=\"--awb-height:20px;--awb-amount:20px;border-color:#e0dede;border-top-width:1px;\"><\/div><\/div><\/div><\/div><\/div><\/div><div class=\"fusion-fullwidth fullwidth-box fusion-builder-row-3 fusion-flex-container nonhundred-percent-fullwidth non-hundred-percent-height-scrolling\" style=\"--awb-border-radius-top-left:0px;--awb-border-radius-top-right:0px;--awb-border-radius-bottom-right:0px;--awb-border-radius-bottom-left:0px;--awb-flex-wrap:wrap;\" ><div class=\"fusion-builder-row fusion-row fusion-flex-align-items-flex-start fusion-flex-content-wrap\" style=\"max-width:1216.8px;margin-left: calc(-4% \/ 2 );margin-right: calc(-4% \/ 2 );\"><div class=\"fusion-layout-column fusion_builder_column fusion-builder-column-6 fusion_builder_column_1_1 1_1 fusion-flex-column\" style=\"--awb-bg-size:cover;--awb-width-large:100%;--awb-margin-top-large:0px;--awb-spacing-right-large:1.92%;--awb-margin-bottom-large:20px;--awb-spacing-left-large:1.92%;--awb-width-medium:100%;--awb-order-medium:0;--awb-spacing-right-medium:1.92%;--awb-spacing-left-medium:1.92%;--awb-width-small:100%;--awb-order-small:0;--awb-spacing-right-small:1.92%;--awb-spacing-left-small:1.92%;\"><div class=\"fusion-column-wrapper fusion-column-has-shadow fusion-flex-justify-content-flex-start fusion-content-layout-column\"><div class=\"fusion-title title fusion-title-1 fusion-sep-none fusion-title-center fusion-title-text fusion-title-size-three\" style=\"--awb-margin-top-small:0px;--awb-margin-right-small:0px;--awb-margin-bottom-small:20px;--awb-margin-left-small:0px;--awb-font-size:30px;\"><h3 class=\"fusion-title-heading title-heading-center fusion-responsive-typography-calculated\" style=\"margin:0;font-size:1em;--fontSize:30;line-height:1.3;\">Jaoksessa juuri nyt<\/h3><\/div><div class=\"fusion-blog-shortcode fusion-blog-shortcode-1 fusion-blog-archive fusion-blog-layout-grid-wrapper fusion-blog-pagination\"><style type=\"text\/css\">.fusion-blog-shortcode-1 .fusion-blog-layout-grid .fusion-post-grid{padding:20px;}.fusion-blog-shortcode-1 .fusion-posts-container{margin-left: -20px !important; margin-right:-20px !important;}<\/style><div class=\"fusion-posts-container fusion-posts-container-pagination fusion-blog-rollover fusion-blog-layout-grid fusion-blog-layout-grid-3 isotope fusion-blog-equal-heights\" data-pages=\"1\" data-grid-col-space=\"40\" style=\"margin: -20px -20px 0;min-height:500px;\"><article id=\"blog-1-post-348\" class=\"fusion-post-grid post-348 post type-post status-publish format-standard hentry category-etusivun-nosto\">\n<div class=\"fusion-post-wrapper\" style=\"background-color:rgba(255,255,255,0);border:1px solid #efefef;border-bottom-width:3px;\">\n\n<div class=\"fusion-post-content-wrapper\" style=\"padding:30px 25px 20px 25px;\"><div class=\"fusion-post-content post-content\"><h2 class=\"blog-shortcode-post-title entry-title\"><a href=\"https:\/\/ssty.fi\/kiinteistojaos\/2026\/05\/05\/toiminnallinen-suunnittelujaos-ja-kiinteistojaos-kavivat-tutustumassa-helsingin-uusiin-vainajasailytystiloihin-malmilla\/\">Toiminnallinen suunnittelujaos ja kiinteist\u00f6jaos k\u00e4viv\u00e4t tutustumassa Helsingin uusiin vainajas\u00e4ilytystiloihin Malmilla<\/a><\/h2><p class=\"fusion-single-line-meta\"><span class=\"vcard\" style=\"display: none;\"><span class=\"fn\"><a href=\"https:\/\/ssty.fi\/kiinteistojaos\/author\/laura\/\" title=\"Kirjoittanut: laura\" rel=\"author\">laura<\/a><\/span><\/span><span class=\"updated\" style=\"display:none;\">2026-05-05T14:55:37+03:00<\/span><span>5.5.2026<\/span><span class=\"fusion-inline-sep\">|<\/span><\/p><div class=\"fusion-content-sep sep-\"><\/div><div class=\"fusion-post-content-container\"><p> Toiminnallinen suunnittelujaos ja kiinteist\u00f6jaos k\u00e4viv\u00e4t tutustumassa Helsingin uusiin vainajas\u00e4ilytystiloihin [...]<\/p><\/div><\/div><\/div><div class=\"fusion-clearfix\"><\/div><\/div>\n<\/article>\n<article id=\"blog-1-post-335\" class=\"fusion-post-grid post-335 post type-post status-publish format-standard hentry category-etusivun-nosto\">\n<div class=\"fusion-post-wrapper\" style=\"background-color:rgba(255,255,255,0);border:1px solid #efefef;border-bottom-width:3px;\">\n\n<div class=\"fusion-post-content-wrapper\" style=\"padding:30px 25px 20px 25px;\"><div class=\"fusion-post-content post-content\"><h2 class=\"blog-shortcode-post-title entry-title\"><a href=\"https:\/\/ssty.fi\/kiinteistojaos\/2026\/04\/17\/hankintalakiuudistuksen-koulutuspaiva-kerasi-noin-40-aktiivista-osallistujaa\/\">Hankintalakiuudistuksen koulutusp\u00e4iv\u00e4 ker\u00e4si noin 40 aktiivista osallistujaa<\/a><\/h2><p class=\"fusion-single-line-meta\"><span class=\"vcard\" style=\"display: none;\"><span class=\"fn\"><a href=\"https:\/\/ssty.fi\/kiinteistojaos\/author\/laura\/\" title=\"Kirjoittanut: laura\" rel=\"author\">laura<\/a><\/span><\/span><span class=\"updated\" style=\"display:none;\">2026-04-17T09:21:13+03:00<\/span><span>17.4.2026<\/span><span class=\"fusion-inline-sep\">|<\/span><\/p><div class=\"fusion-content-sep sep-\"><\/div><div class=\"fusion-post-content-container\"><p> Hankintalakiuudistuksen koulutusp\u00e4iv\u00e4 ker\u00e4si noin 40 aktiivista osallistujaa Suomen sairaalatekniikan [...]<\/p><\/div><\/div><\/div><div class=\"fusion-clearfix\"><\/div><\/div>\n<\/article>\n<article id=\"blog-1-post-309\" class=\"fusion-post-grid post-309 post type-post status-publish format-standard hentry category-etusivun-nosto\">\n<div class=\"fusion-post-wrapper\" style=\"background-color:rgba(255,255,255,0);border:1px solid #efefef;border-bottom-width:3px;\">\n\n<div class=\"fusion-post-content-wrapper\" style=\"padding:30px 25px 20px 25px;\"><div class=\"fusion-post-content post-content\"><h2 class=\"blog-shortcode-post-title entry-title\"><a href=\"https:\/\/ssty.fi\/kiinteistojaos\/2025\/10\/20\/kiinteistojaoksen-ja-laakintatekniikan-jaoksen-tutustumiskaynti-laakson-yhteissairaala-hankkeeseen\/\">Kiinteist\u00f6jaoksen ja l\u00e4\u00e4kint\u00e4tekniikan jaoksen tutustumisk\u00e4ynti Laakson yhteissairaala -hankkeeseen<\/a><\/h2><p class=\"fusion-single-line-meta\"><span class=\"vcard\" style=\"display: none;\"><span class=\"fn\"><a href=\"https:\/\/ssty.fi\/kiinteistojaos\/author\/laura\/\" title=\"Kirjoittanut: laura\" rel=\"author\">laura<\/a><\/span><\/span><span class=\"updated\" style=\"display:none;\">2025-10-20T15:54:21+03:00<\/span><span>20.10.2025<\/span><span class=\"fusion-inline-sep\">|<\/span><\/p><div class=\"fusion-content-sep sep-\"><\/div><div class=\"fusion-post-content-container\"><p> Kiinteist\u00f6jaos ja l\u00e4\u00e4kint\u00e4tekniikan jaos k\u00e4viv\u00e4t tutustumisk\u00e4ynnill\u00e4 Laakson yhteissairaala -hankkeella [...]<\/p><\/div><\/div><\/div><div class=\"fusion-clearfix\"><\/div><\/div>\n<\/article>\n<article id=\"blog-1-post-242\" class=\"fusion-post-grid post-242 post type-post status-publish format-standard hentry category-etusivun-nosto\">\n<div class=\"fusion-post-wrapper\" style=\"background-color:rgba(255,255,255,0);border:1px solid #efefef;border-bottom-width:3px;\">\n\n<div class=\"fusion-post-content-wrapper\" style=\"padding:30px 25px 20px 25px;\"><div class=\"fusion-post-content post-content\"><h2 class=\"blog-shortcode-post-title entry-title\"><a href=\"https:\/\/ssty.fi\/kiinteistojaos\/2023\/11\/13\/toiminnallinen-suunnittelujaos-ja-kiinteistojaos-tutustuivat-taysin-t-rakennukseen-8-9-11-2023\/\">Toiminnallinen suunnittelujaos ja kiinteist\u00f6jaos tutustuivat TAYSin T-rakennukseen 8. \u2013 9.11.2023<\/a><\/h2><p class=\"fusion-single-line-meta\"><span class=\"vcard\" style=\"display: none;\"><span class=\"fn\"><a href=\"https:\/\/ssty.fi\/kiinteistojaos\/author\/janneketola\/\" title=\"Kirjoittanut: Janne Ketola\" rel=\"author\">Janne Ketola<\/a><\/span><\/span><span class=\"updated\" style=\"display:none;\">2023-11-13T20:42:41+02:00<\/span><span>13.11.2023<\/span><span class=\"fusion-inline-sep\">|<\/span><\/p><div class=\"fusion-content-sep sep-\"><\/div><div class=\"fusion-post-content-container\"><p> Toiminnallinen suunnittelujaos ja kiinteist\u00f6jaos kokoontuivat Tampereella 8. \u2013 9.11.2023. [...]<\/p><\/div><\/div><\/div><div class=\"fusion-clearfix\"><\/div><\/div>\n<\/article>\n<div class=\"fusion-clearfix\"><\/div><\/div><\/div><\/div><\/div><\/div><\/div><\/p>\n","protected":false},"excerpt":{"rendered":"","protected":false},"author":2,"featured_media":0,"parent":0,"menu_order":0,"comment_status":"open","ping_status":"open","template":"","meta":{"footnotes":""},"class_list":["post-4","page","type-page","status-publish","hentry"],"_links":{"self":[{"href":"https:\/\/ssty.fi\/kiinteistojaos\/wp-json\/wp\/v2\/pages\/4","targetHints":{"allow":["GET"]}}],"collection":[{"href":"https:\/\/ssty.fi\/kiinteistojaos\/wp-json\/wp\/v2\/pages"}],"about":[{"href":"https:\/\/ssty.fi\/kiinteistojaos\/wp-json\/wp\/v2\/types\/page"}],"author":[{"embeddable":true,"href":"https:\/\/ssty.fi\/kiinteistojaos\/wp-json\/wp\/v2\/users\/2"}],"replies":[{"embeddable":true,"href":"https:\/\/ssty.fi\/kiinteistojaos\/wp-json\/wp\/v2\/comments?post=4"}],"version-history":[{"count":37,"href":"https:\/\/ssty.fi\/kiinteistojaos\/wp-json\/wp\/v2\/pages\/4\/revisions"}],"predecessor-version":[{"id":218,"href":"https:\/\/ssty.fi\/kiinteistojaos\/wp-json\/wp\/v2\/pages\/4\/revisions\/218"}],"wp:attachment":[{"href":"https:\/\/ssty.fi\/kiinteistojaos\/wp-json\/wp\/v2\/media?parent=4"}],"curies":[{"name":"wp","href":"https:\/\/api.w.org\/{rel}","templated":true}]}}